{"id":321,"date":"2019-07-11T14:51:39","date_gmt":"2019-07-11T19:51:39","guid":{"rendered":"http:\/\/santafepanama.org\/?page_id=321"},"modified":"2019-08-23T09:36:09","modified_gmt":"2019-08-23T14:36:09","slug":"media-kit","status":"publish","type":"page","link":"http:\/\/santafepanama.org\/es\/media-kit\/","title":{"rendered":"MEDIA KIT"},"content":{"rendered":"<div class=\"wpb-content-wrapper\"><div class=\"vc_row wpb_row vc_row-fluid\"><div class=\"wpb_column vc_column_container vc_col-sm-6\"><div class=\"vc_column-inner\"><div class=\"wpb_wrapper\">\n\t<div class=\"wpb_text_column wpb_content_element\" >\n\t\t<div class=\"wpb_wrapper\">\n\t\t\t<p>Bienvenido a nuestra <strong>Zona de Informacion<\/strong>. Aqu\u00ed brindamos un accesso gratis <strong>excelentes fotos p\u00fablicas<\/strong>, <strong>material de referencia<\/strong>y <strong>mapas<\/strong> que puede usar para su negocio o sin fines de lucro en l\u00ednea o en forma impresa.<\/p>\n<h2>\u00a0Visitas de medios, visitas de familiarizaci\u00f3n y solicitudes de medios<\/h2>\n<p>\u00bfEst\u00e1s escribiendo un art\u00edculo o necesitas informaci\u00f3n sobre turismo en Santa Fe? \u00bfMiembro de los medios? \u00bfAgente de viajes?<\/p>\n<p>Nos complace ayudarlo a hacer contactos locales para una entrevista o recorrido, revisar su art\u00edculo o documento, y aqu\u00ed proporcionamos informaci\u00f3n sobre destinos locales.<\/p>\n<p>Punto de contacto:<\/p>\n<p>Lic Chaeli Judd (Revisi\u00f3n de documentos, im\u00e1genes, mapas, web) Whatsapp 6908-0812<\/p>\n<p>Rocinda Rodriguez (Solicitudes de visitas) 6500-8297<\/p>\n\n\t\t<\/div>\n\t<\/div>\n<\/div><\/div><\/div><div class=\"wpb_column vc_column_container vc_col-sm-3\"><div class=\"vc_column-inner\"><div class=\"wpb_wrapper\">\n\t<div  class=\"wpb_single_image wpb_content_element vc_align_ wpb_content_element\">\n\t\t\n\t\t<figure class=\"wpb_wrapper vc_figure\">\n\t\t\t<a href=\"http:\/\/santafepanama.org\/wp-content\/uploads\/2019\/07\/SantaFe_InfoSheet_ENGLISH-1.pdf\" target=\"_self\" class=\"vc_single_image-wrapper   vc_box_border_grey\"><img loading=\"lazy\" decoding=\"async\" width=\"150\" height=\"150\" src=\"https:\/\/santafepanama.org\/wp-content\/uploads\/2019\/07\/CAMARAINFOSHEET-150x150.jpg\" class=\"vc_single_image-img attachment-thumbnail\" alt=\"\" title=\"CAMARAINFOSHEET\" \/><\/a>\n\t\t<span class=\"wpb_single_image_caption\">Un localizador: Santa Fe, Turismo Veraguas<\/span><\/figure>\n\t<\/div>\n<\/div><\/div><\/div><div class=\"wpb_column vc_column_container vc_col-sm-3\"><div class=\"vc_column-inner\"><div class=\"wpb_wrapper\">\n\t<div  class=\"wpb_single_image wpb_content_element vc_align_ wpb_content_element\">\n\t\t\n\t\t<figure class=\"wpb_wrapper vc_figure\">\n\t\t\t<a href=\"http:\/\/santafepanama.org\/wp-content\/uploads\/2019\/07\/ABOUTCAMARA.pdf\" target=\"_blank\" class=\"vc_single_image-wrapper   vc_box_border_grey\"><img loading=\"lazy\" decoding=\"async\" width=\"150\" height=\"150\" src=\"https:\/\/santafepanama.org\/wp-content\/uploads\/2019\/07\/thumbnail_aboutcamara-150x150.jpg\" class=\"vc_single_image-img attachment-thumbnail\" alt=\"\" title=\"thumbnail_aboutcamara\" \/><\/a>\n\t\t<span class=\"wpb_single_image_caption\">Un localizador-Camara de Turismo<\/span><\/figure>\n\t<\/div>\n<\/div><\/div><\/div><\/div><div class=\"vc_row wpb_row vc_row-fluid\"><div class=\"wpb_column vc_column_container vc_col-sm-12\"><div class=\"vc_column-inner\"><div class=\"wpb_wrapper\"><h2 style=\"text-align: left;font-family:Abril Fatface;font-weight:400;font-style:normal\" class=\"vc_custom_heading vc_do_custom_heading\" >Fotos de Santa Fe, Veraguas<\/h2><\/div><\/div><\/div><\/div><div class=\"vc_row wpb_row vc_row-fluid\"><div class=\"wpb_column vc_column_container vc_col-sm-3\"><div class=\"vc_column-inner\"><div class=\"wpb_wrapper\">\n\t<div  class=\"wpb_single_image wpb_content_element vc_align_ wpb_content_element wpex-lightbox\">\n\t\t\n\t\t<figure class=\"wpb_wrapper vc_figure\">\n\t\t\t<a href=\"https:\/\/santafepanama.org\/wp-content\/uploads\/2019\/07\/LogoLicious_20190710_173445.jpg\" target=\"_self\" class=\"vc_single_image-wrapper   vc_box_border_grey\"><img loading=\"lazy\" decoding=\"async\" width=\"1280\" height=\"960\" src=\"https:\/\/santafepanama.org\/wp-content\/uploads\/2019\/07\/LogoLicious_20190710_173445.jpg\" class=\"vc_single_image-img attachment-full\" alt=\"\" title=\"LogoLicious_20190710_173445\" \/><\/a>\n\t\t<span class=\"wpb_single_image_caption\">Cerro Mariposa Trail, Parque Nacional Santa Fe<\/span><\/figure>\n\t<\/div>\n<\/div><\/div><\/div><div class=\"wpb_column vc_column_container vc_col-sm-3\"><div class=\"vc_column-inner\"><div class=\"wpb_wrapper\">\n\t<div  class=\"wpb_single_image wpb_content_element vc_align_ wpb_content_element wpex-lightbox\">\n\t\t\n\t\t<figure class=\"wpb_wrapper vc_figure\">\n\t\t\t<a href=\"https:\/\/santafepanama.org\/wp-content\/uploads\/2019\/06\/LomaGrande.jpg\" target=\"_self\" class=\"vc_single_image-wrapper   vc_box_border_grey\"><img loading=\"lazy\" decoding=\"async\" width=\"1126\" height=\"1125\" src=\"https:\/\/santafepanama.org\/wp-content\/uploads\/2019\/06\/LomaGrande.jpg\" class=\"vc_single_image-img attachment-full\" alt=\"\" title=\"LomaGrande\" \/><\/a>\n\t\t<span class=\"wpb_single_image_caption\">Cascada Loma Grande, Parque Nacional Santa Fe<\/span><\/figure>\n\t<\/div>\n<\/div><\/div><\/div><div class=\"wpb_column vc_column_container vc_col-sm-3\"><div class=\"vc_column-inner\"><div class=\"wpb_wrapper\">\n\t<div  class=\"wpb_single_image wpb_content_element vc_align_ wpb_content_element wpex-lightbox\">\n\t\t\n\t\t<figure class=\"wpb_wrapper vc_figure\">\n\t\t\t<a href=\"https:\/\/santafepanama.org\/wp-content\/uploads\/2019\/06\/RURALAREA.jpg\" target=\"_self\" class=\"vc_single_image-wrapper   vc_box_border_grey\"><img loading=\"lazy\" decoding=\"async\" width=\"969\" height=\"959\" src=\"https:\/\/santafepanama.org\/wp-content\/uploads\/2019\/06\/RURALAREA.jpg\" class=\"vc_single_image-img attachment-full\" alt=\"\" title=\"RURALAREA\" \/><\/a>\n\t\t<span class=\"wpb_single_image_caption\">Comunidad de Santa Fe, Veraguas<\/span><\/figure>\n\t<\/div>\n<\/div><\/div><\/div><div class=\"wpb_column vc_column_container vc_col-sm-3\"><div class=\"vc_column-inner\"><div class=\"wpb_wrapper\">\n\t<div  class=\"wpb_single_image wpb_content_element vc_align_ wpb_content_element\">\n\t\t\n\t\t<figure class=\"wpb_wrapper vc_figure\">\n\t\t\t<div class=\"vc_single_image-wrapper   vc_box_border_grey\"><img loading=\"lazy\" decoding=\"async\" width=\"1140\" height=\"1133\" src=\"https:\/\/santafepanama.org\/wp-content\/uploads\/2019\/06\/ElSalto.jpg\" class=\"vc_single_image-img attachment-full\" alt=\"El Salto Community Falls, Santa Fe, Veraguas\" title=\"ElSalto\" \/><\/div>\n\t\t<span class=\"wpb_single_image_caption\">El Salto Community Falls<\/span><\/figure>\n\t<\/div>\n<\/div><\/div><\/div><\/div><div class=\"vc_row wpb_row vc_row-fluid\"><div class=\"wpb_column vc_column_container vc_col-sm-3\"><div class=\"vc_column-inner\"><div class=\"wpb_wrapper\">\n\t<div  class=\"wpb_single_image wpb_content_element vc_align_ wpb_content_element wpex-lightbox\">\n\t\t\n\t\t<figure class=\"wpb_wrapper vc_figure\">\n\t\t\t<a href=\"https:\/\/santafepanama.org\/wp-content\/uploads\/2019\/07\/birdwatching.jpg\" target=\"_self\" class=\"vc_single_image-wrapper   vc_box_border_grey\"><img loading=\"lazy\" decoding=\"async\" width=\"843\" height=\"1125\" src=\"https:\/\/santafepanama.org\/wp-content\/uploads\/2019\/07\/birdwatching.jpg\" class=\"vc_single_image-img attachment-full\" alt=\"Birding in Santa Fe\" title=\"birdwatching\" \/><\/a>\n\t\t<span class=\"wpb_single_image_caption\">Observaci\u00f3n de aves en Toucan Trail, Santa Fe, Panam\u00e1<\/span><\/figure>\n\t<\/div>\n<\/div><\/div><\/div><div class=\"wpb_column vc_column_container vc_col-sm-3\"><div class=\"vc_column-inner\"><div class=\"wpb_wrapper\">\n\t<div  class=\"wpb_single_image wpb_content_element vc_align_ wpb_content_element wpex-lightbox\">\n\t\t\n\t\t<figure class=\"wpb_wrapper vc_figure\">\n\t\t\t<a href=\"https:\/\/santafepanama.org\/wp-content\/uploads\/2019\/07\/Golondrinas.jpg\" target=\"_self\" class=\"vc_single_image-wrapper   vc_box_border_grey\"><img loading=\"lazy\" decoding=\"async\" width=\"844\" height=\"1126\" src=\"https:\/\/santafepanama.org\/wp-content\/uploads\/2019\/07\/Golondrinas.jpg\" class=\"vc_single_image-img attachment-full\" alt=\"\" title=\"Golondrinas\" \/><\/a>\n\t\t<span class=\"wpb_single_image_caption\">Senderismo Las Golondrinas<\/span><\/figure>\n\t<\/div>\n<\/div><\/div><\/div><div class=\"wpb_column vc_column_container vc_col-sm-3\"><div class=\"vc_column-inner\"><div class=\"wpb_wrapper\">\n\t<div  class=\"wpb_single_image wpb_content_element vc_align_ wpb_content_element wpex-lightbox\">\n\t\t\n\t\t<figure class=\"wpb_wrapper vc_figure\">\n\t\t\t<a href=\"https:\/\/santafepanama.org\/wp-content\/uploads\/2019\/06\/BermejoFalls.jpg\" target=\"_self\" class=\"vc_single_image-wrapper   vc_box_border_grey\"><img loading=\"lazy\" decoding=\"async\" width=\"760\" height=\"1128\" src=\"https:\/\/santafepanama.org\/wp-content\/uploads\/2019\/06\/BermejoFalls.jpg\" class=\"vc_single_image-img attachment-full\" alt=\"\" title=\"BermejoFalls\" \/><\/a>\n\t\t<span class=\"wpb_single_image_caption\">Bermejo Falls, Parque Nacional Santa Fe<\/span><\/figure>\n\t<\/div>\n<\/div><\/div><\/div><div class=\"wpb_column vc_column_container vc_col-sm-3\"><div class=\"vc_column-inner\"><div class=\"wpb_wrapper\">\n\t<div  class=\"wpb_single_image wpb_content_element vc_align_ wpb_content_element\">\n\t\t\n\t\t<figure class=\"wpb_wrapper vc_figure\">\n\t\t\t<div class=\"vc_single_image-wrapper   vc_box_border_grey\"><img loading=\"lazy\" decoding=\"async\" width=\"960\" height=\"1280\" src=\"https:\/\/santafepanama.org\/wp-content\/uploads\/2019\/07\/LogoLicious_20190710_173227.jpg\" class=\"vc_single_image-img attachment-full\" alt=\"\" title=\"LogoLicious_20190710_173227\" \/><\/div>\n\t\t<span class=\"wpb_single_image_caption\">El Chorrillon, Santa Fe, Veraguas<\/span><\/figure>\n\t<\/div>\n<\/div><\/div><\/div><\/div><div class=\"vc_row wpb_row vc_row-fluid\"><div class=\"wpb_column vc_column_container vc_col-sm-3\"><div class=\"vc_column-inner\"><div class=\"wpb_wrapper\">\n\t<div  class=\"wpb_single_image wpb_content_element vc_align_ wpb_content_element wpex-lightbox\">\n\t\t\n\t\t<figure class=\"wpb_wrapper vc_figure\">\n\t\t\t<a href=\"https:\/\/santafepanama.org\/wp-content\/uploads\/2019\/07\/Calovebora_rey.png\" target=\"_self\" class=\"vc_single_image-wrapper   vc_box_border_grey\"><img loading=\"lazy\" decoding=\"async\" width=\"1500\" height=\"1125\" src=\"https:\/\/santafepanama.org\/wp-content\/uploads\/2019\/07\/Calovebora_rey.png\" class=\"vc_single_image-img attachment-full\" alt=\"\" title=\"Calovebora_rey\" \/><\/a>\n\t\t<span class=\"wpb_single_image_caption\">Playa Calovebora, Santa Fe, Panam\u00e1<\/span><\/figure>\n\t<\/div>\n<\/div><\/div><\/div><div class=\"wpb_column vc_column_container vc_col-sm-3\"><div class=\"vc_column-inner\"><div class=\"wpb_wrapper\">\n\t<div  class=\"wpb_single_image wpb_content_element vc_align_ wpb_content_element wpex-lightbox\">\n\t\t\n\t\t<figure class=\"wpb_wrapper vc_figure\">\n\t\t\t<a href=\"https:\/\/santafepanama.org\/wp-content\/uploads\/2019\/07\/Frog.jpg\" target=\"_self\" class=\"vc_single_image-wrapper   vc_box_border_grey\"><img loading=\"lazy\" decoding=\"async\" width=\"843\" height=\"1125\" src=\"https:\/\/santafepanama.org\/wp-content\/uploads\/2019\/07\/Frog.jpg\" class=\"vc_single_image-img attachment-full\" alt=\"\" title=\"Frog\" \/><\/a>\n\t\t<span class=\"wpb_single_image_caption\">Rana en el sendero Cerro Mariposa<\/span><\/figure>\n\t<\/div>\n<\/div><\/div><\/div><div class=\"wpb_column vc_column_container vc_col-sm-3\"><div class=\"vc_column-inner\"><div class=\"wpb_wrapper\">\n\t<div  class=\"wpb_single_image wpb_content_element vc_align_ wpb_content_element wpex-lightbox\">\n\t\t\n\t\t<figure class=\"wpb_wrapper vc_figure\">\n\t\t\t<a href=\"https:\/\/santafepanama.org\/wp-content\/uploads\/2019\/07\/RedEyedTreeFrog.jpg\" target=\"_self\" class=\"vc_single_image-wrapper   vc_box_border_grey\"><img loading=\"lazy\" decoding=\"async\" width=\"1125\" height=\"1125\" src=\"https:\/\/santafepanama.org\/wp-content\/uploads\/2019\/07\/RedEyedTreeFrog.jpg\" class=\"vc_single_image-img attachment-full\" alt=\"\" title=\"RedEyedTreeFrog\" \/><\/a>\n\t\t<span class=\"wpb_single_image_caption\">Red Eyed Tree Frog, Santa Fe, Panam\u00e1<\/span><\/figure>\n\t<\/div>\n<\/div><\/div><\/div><div class=\"wpb_column vc_column_container vc_col-sm-3\"><div class=\"vc_column-inner\"><div class=\"wpb_wrapper\">\n\t<div  class=\"wpb_single_image wpb_content_element vc_align_ wpb_content_element wpex-lightbox\">\n\t\t\n\t\t<figure class=\"wpb_wrapper vc_figure\">\n\t\t\t<a href=\"https:\/\/santafepanama.org\/wp-content\/uploads\/2019\/07\/CerroTute.jpg\" target=\"_self\" class=\"vc_single_image-wrapper   vc_box_border_grey\"><img loading=\"lazy\" decoding=\"async\" width=\"1002\" height=\"1000\" src=\"https:\/\/santafepanama.org\/wp-content\/uploads\/2019\/07\/CerroTute.jpg\" class=\"vc_single_image-img attachment-full\" alt=\"Hikes\" title=\"CerroTute\" \/><\/a>\n\t\t<span class=\"wpb_single_image_caption\">Cerro Tute, Parque Nacional Santa Fe<\/span><\/figure>\n\t<\/div>\n<\/div><\/div><\/div><\/div><div class=\"vc_row wpb_row vc_row-fluid\"><div class=\"wpb_column vc_column_container vc_col-sm-3\"><div class=\"vc_column-inner\"><div class=\"wpb_wrapper\">\n\t<div  class=\"wpb_single_image wpb_content_element vc_align_ wpb_content_element wpex-lightbox\">\n\t\t\n\t\t<figure class=\"wpb_wrapper vc_figure\">\n\t\t\t<a href=\"https:\/\/santafepanama.org\/wp-content\/uploads\/2019\/06\/Coffee.png\" target=\"_self\" class=\"vc_single_image-wrapper   vc_box_border_grey\"><img loading=\"lazy\" decoding=\"async\" width=\"500\" height=\"347\" src=\"https:\/\/santafepanama.org\/wp-content\/uploads\/2019\/06\/Coffee.png\" class=\"vc_single_image-img attachment-full\" alt=\"Visit our Farms\" title=\"Coffee\" \/><\/a>\n\t\t<span class=\"wpb_single_image_caption\">Caf\u00e9 maduro (Cr\u00e9dito de la foto: Coffee Mountain Inn and Tours)<\/span><\/figure>\n\t<\/div>\n<\/div><\/div><\/div><div class=\"wpb_column vc_column_container vc_col-sm-3\"><div class=\"vc_column-inner\"><div class=\"wpb_wrapper\">\n\t<div  class=\"wpb_single_image wpb_content_element vc_align_ wpb_content_element wpex-lightbox\">\n\t\t\n\t\t<figure class=\"wpb_wrapper vc_figure\">\n\t\t\t<a href=\"https:\/\/santafepanama.org\/wp-content\/uploads\/2019\/07\/FincaElSalto.jpg\" target=\"_self\" class=\"vc_single_image-wrapper   vc_box_border_grey\"><img loading=\"lazy\" decoding=\"async\" width=\"843\" height=\"1125\" src=\"https:\/\/santafepanama.org\/wp-content\/uploads\/2019\/07\/FincaElSalto.jpg\" class=\"vc_single_image-img attachment-full\" alt=\"Finca El Salto\" title=\"Finca El Salto\" \/><\/a>\n\t\t<span class=\"wpb_single_image_caption\">T\u00e9cnicas de agricultura sostenible utilizadas para cultivar cebollas verdes, Santa Fe, Panam\u00e1<\/span><\/figure>\n\t<\/div>\n<\/div><\/div><\/div><div class=\"wpb_column vc_column_container vc_col-sm-3\"><div class=\"vc_column-inner\"><div class=\"wpb_wrapper\">\n\t<div  class=\"wpb_single_image wpb_content_element vc_align_ wpb_content_element wpex-lightbox\">\n\t\t\n\t\t<figure class=\"wpb_wrapper vc_figure\">\n\t\t\t<a href=\"https:\/\/santafepanama.org\/wp-content\/uploads\/2019\/07\/FINCAMARIACHON.jpg\" target=\"_self\" class=\"vc_single_image-wrapper   vc_box_border_grey\"><img loading=\"lazy\" decoding=\"async\" width=\"844\" height=\"1125\" src=\"https:\/\/santafepanama.org\/wp-content\/uploads\/2019\/07\/FINCAMARIACHON.jpg\" class=\"vc_single_image-img attachment-full\" alt=\"Finca Maria y Chon\" title=\"Finca Maria y Chon\" \/><\/a>\n\t\t<span class=\"wpb_single_image_caption\">Muchas granjas locales practican t\u00e9cnicas agr\u00edcolas sostenibles.<\/span><\/figure>\n\t<\/div>\n<\/div><\/div><\/div><div class=\"wpb_column vc_column_container vc_col-sm-3\"><div class=\"vc_column-inner\"><div class=\"wpb_wrapper\">\n\t<div  class=\"wpb_single_image wpb_content_element vc_align_ wpb_content_element\">\n\t\t\n\t\t<figure class=\"wpb_wrapper vc_figure\">\n\t\t\t<div class=\"vc_single_image-wrapper   vc_box_border_grey\"><img loading=\"lazy\" decoding=\"async\" width=\"981\" height=\"1280\" src=\"https:\/\/santafepanama.org\/wp-content\/uploads\/2019\/07\/LogoLicious_20190710_173002.jpg\" class=\"vc_single_image-img attachment-full\" alt=\"Artesania Anayansi\" title=\"Artesania Santa Fe, Anayansi\" \/><\/div>\n\t\t<span class=\"wpb_single_image_caption\">Se pueden encontrar otras obras de arte, artesan\u00edas y joyas en Artesania Anayansi y NatureArte<\/span><\/figure>\n\t<\/div>\n<\/div><\/div><\/div><\/div><div class=\"vc_row wpb_row vc_row-fluid\"><div class=\"wpb_column vc_column_container vc_col-sm-3\"><div class=\"vc_column-inner\"><div class=\"wpb_wrapper\">\n\t<div  class=\"wpb_single_image wpb_content_element vc_align_ wpb_content_element wpex-lightbox\">\n\t\t\n\t\t<figure class=\"wpb_wrapper vc_figure\">\n\t\t\t<a href=\"https:\/\/santafepanama.org\/wp-content\/uploads\/2019\/07\/LogoLicious_20190710_170648.jpg\" target=\"_self\" class=\"vc_single_image-wrapper   vc_box_border_grey\"><img loading=\"lazy\" decoding=\"async\" width=\"780\" height=\"1040\" src=\"https:\/\/santafepanama.org\/wp-content\/uploads\/2019\/07\/LogoLicious_20190710_170648.jpg\" class=\"vc_single_image-img attachment-full\" alt=\"\" title=\"LogoLicious_20190710_170648\" \/><\/a>\n\t\t<span class=\"wpb_single_image_caption\">Orqu\u00eddea (Milthoniopsis roezlii) Santa Fe, Panam\u00e1<\/span><\/figure>\n\t<\/div>\n<\/div><\/div><\/div><div class=\"wpb_column vc_column_container vc_col-sm-3\"><div class=\"vc_column-inner\"><div class=\"wpb_wrapper\">\n\t<div  class=\"wpb_single_image wpb_content_element vc_align_ wpb_content_element wpex-lightbox\">\n\t\t\n\t\t<figure class=\"wpb_wrapper vc_figure\">\n\t\t\t<a href=\"https:\/\/santafepanama.org\/wp-content\/uploads\/2019\/07\/LogoLicious_20190710_170815.jpg\" target=\"_self\" class=\"vc_single_image-wrapper   vc_box_border_grey\"><img loading=\"lazy\" decoding=\"async\" width=\"780\" height=\"1040\" src=\"https:\/\/santafepanama.org\/wp-content\/uploads\/2019\/07\/LogoLicious_20190710_170815.jpg\" class=\"vc_single_image-img attachment-full\" alt=\"\" title=\"LogoLicious_20190710_170815\" \/><\/a>\n\t\t<span class=\"wpb_single_image_caption\">Orqu\u00eddea (Coelogyne dayana), Santa Fe, Panam\u00e1<\/span><\/figure>\n\t<\/div>\n<\/div><\/div><\/div><div class=\"wpb_column vc_column_container vc_col-sm-3\"><div class=\"vc_column-inner\"><div class=\"wpb_wrapper\">\n\t<div  class=\"wpb_single_image wpb_content_element vc_align_ wpb_content_element wpex-lightbox\">\n\t\t\n\t\t<figure class=\"wpb_wrapper vc_figure\">\n\t\t\t<a href=\"https:\/\/santafepanama.org\/wp-content\/uploads\/2019\/07\/LogoLicious_20190710_172732-e1596373245223.jpg\" target=\"_self\" class=\"vc_single_image-wrapper   vc_box_border_grey\"><img loading=\"lazy\" decoding=\"async\" width=\"960\" height=\"448\" src=\"https:\/\/santafepanama.org\/wp-content\/uploads\/2019\/07\/LogoLicious_20190710_172732-e1596373245223.jpg\" class=\"vc_single_image-img attachment-full\" alt=\"Places\" title=\"Mercadito de Santa Fe\" \/><\/a>\n\t\t<span class=\"wpb_single_image_caption\">Los sombreros artesanales tradicionales se pueden encontrar en el Mercado Agr\u00edcola y Artesanal de Santa Fe, Veraguas<\/span><\/figure>\n\t<\/div>\n<\/div><\/div><\/div><div class=\"wpb_column vc_column_container vc_col-sm-3\"><div class=\"vc_column-inner\"><div class=\"wpb_wrapper\">\n\t<div  class=\"wpb_single_image wpb_content_element vc_align_ wpb_content_element\">\n\t\t\n\t\t<figure class=\"wpb_wrapper vc_figure\">\n\t\t\t<div class=\"vc_single_image-wrapper   vc_box_border_grey\"><img loading=\"lazy\" decoding=\"async\" width=\"981\" height=\"1280\" src=\"https:\/\/santafepanama.org\/wp-content\/uploads\/2019\/07\/LogoLicious_20190710_173002.jpg\" class=\"vc_single_image-img attachment-full\" alt=\"Artesania Anayansi\" title=\"Artesania Santa Fe, Anayansi\" \/><\/div>\n\t\t<span class=\"wpb_single_image_caption\">Se pueden encontrar otras obras de arte, artesan\u00edas y joyas en Artesania Anayansi y NatureArte<\/span><\/figure>\n\t<\/div>\n<\/div><\/div><\/div><\/div><div class=\"vc_row wpb_row vc_row-fluid\"><div class=\"wpb_column vc_column_container vc_col-sm-12\"><div class=\"vc_column-inner\"><div class=\"wpb_wrapper\"><h2 style=\"text-align: left;font-family:Abril Fatface;font-weight:400;font-style:normal\" class=\"vc_custom_heading vc_do_custom_heading\" >Mapas del \u00e1rea<\/h2><\/div><\/div><\/div><\/div><div class=\"vc_row wpb_row vc_row-fluid\"><div class=\"wpb_column vc_column_container vc_col-sm-1\/5\"><div class=\"vc_column-inner\"><div class=\"wpb_wrapper\">\n\t<div  class=\"wpb_single_image wpb_content_element vc_align_ wpb_content_element wpex-lightbox\">\n\t\t\n\t\t<figure class=\"wpb_wrapper vc_figure\">\n\t\t\t<a href=\"https:\/\/santafepanama.org\/wp-content\/uploads\/2019\/08\/SantaFeWaterfallandTrailMap.jpg\" target=\"_self\" class=\"vc_single_image-wrapper   vc_box_border_grey\"><img loading=\"lazy\" decoding=\"async\" width=\"1440\" height=\"989\" src=\"https:\/\/santafepanama.org\/wp-content\/uploads\/2019\/08\/SantaFeWaterfallandTrailMap.jpg\" class=\"vc_single_image-img attachment-full\" alt=\"\" title=\"SantaFeWaterfallandTrailMap\" \/><\/a>\n\t\t<span class=\"wpb_single_image_caption\">Mapa de Cascadas y Senderos<\/span><\/figure>\n\t<\/div>\n<\/div><\/div><\/div><div class=\"wpb_column vc_column_container vc_col-sm-1\/5\"><div class=\"vc_column-inner\"><div class=\"wpb_wrapper\">\n\t<div  class=\"wpb_single_image wpb_content_element vc_align_ wpb_content_element\">\n\t\t\n\t\t<figure class=\"wpb_wrapper vc_figure\">\n\t\t\t<a href=\"http:\/\/santafepanama.org\/wp-content\/uploads\/2018\/08\/Activities_Santa_Fe_MAP.pdf\" target=\"_self\" class=\"vc_single_image-wrapper   vc_box_border_grey\"><img loading=\"lazy\" decoding=\"async\" width=\"150\" height=\"150\" src=\"https:\/\/santafepanama.org\/wp-content\/uploads\/2018\/08\/SANTAFE_VERAGUAS_MAP-150x150.png\" class=\"vc_single_image-img attachment-thumbnail\" alt=\"\" title=\"SANTAFE_VERAGUAS_MAP\" \/><\/a>\n\t\t<span class=\"wpb_single_image_caption\">Mapa de actividades para uso<\/span><\/figure>\n\t<\/div>\n<\/div><\/div><\/div><div class=\"wpb_column vc_column_container vc_col-sm-1\/5\"><div class=\"vc_column-inner\"><div class=\"wpb_wrapper\">\n\t<div  class=\"wpb_single_image wpb_content_element vc_align_ wpb_content_element wpex-lightbox\">\n\t\t\n\t\t<figure class=\"wpb_wrapper vc_figure\">\n\t\t\t<a href=\"https:\/\/santafepanama.org\/wp-content\/uploads\/2019\/07\/MapEnglishLodgingSantaFe.jpg\" target=\"_self\" class=\"vc_single_image-wrapper   vc_box_border_grey\"><img loading=\"lazy\" decoding=\"async\" width=\"935\" height=\"977\" src=\"https:\/\/santafepanama.org\/wp-content\/uploads\/2019\/07\/MapEnglishLodgingSantaFe.jpg\" class=\"vc_single_image-img attachment-full\" alt=\"\" title=\"MapEnglishLodgingSantaFe\" \/><\/a>\n\t\t<span class=\"wpb_single_image_caption\">Mapa del hotel-Santa Fe<\/span><\/figure>\n\t<\/div>\n<\/div><\/div><\/div><div class=\"wpb_column vc_column_container vc_col-sm-1\/5\"><div class=\"vc_column-inner\"><div class=\"wpb_wrapper\">\n\t<div  class=\"wpb_single_image wpb_content_element vc_align_ wpb_content_element\">\n\t\t\n\t\t<figure class=\"wpb_wrapper vc_figure\">\n\t\t\t<div class=\"vc_single_image-wrapper   vc_box_border_grey\"><img loading=\"lazy\" decoding=\"async\" width=\"150\" height=\"150\" src=\"https:\/\/santafepanama.org\/wp-content\/uploads\/2019\/07\/MapEnglishAltodePiedraLodging-150x150.jpg\" class=\"vc_single_image-img attachment-thumbnail\" alt=\"\" title=\"MapEnglishAltodePiedraLodging\" \/><\/div>\n\t\t<span class=\"wpb_single_image_caption\">Alojamiento Alto de Piedra<\/span><\/figure>\n\t<\/div>\n<\/div><\/div><\/div><div class=\"wpb_column vc_column_container vc_col-sm-1\/5\"><div class=\"vc_column-inner\"><div class=\"wpb_wrapper\">\n\t<div  class=\"wpb_single_image wpb_content_element vc_align_ wpb_content_element wpex-lightbox\">\n\t\t\n\t\t<figure class=\"wpb_wrapper vc_figure\">\n\t\t\t<a href=\"https:\/\/santafepanama.org\/wp-content\/uploads\/2019\/07\/LOGOCAMARA-1-1500x1009.png\" target=\"_self\" class=\"vc_single_image-wrapper   vc_box_border_grey\"><img loading=\"lazy\" decoding=\"async\" width=\"1528\" height=\"1028\" src=\"https:\/\/santafepanama.org\/wp-content\/uploads\/2019\/07\/LOGOCAMARA-1.png\" class=\"vc_single_image-img attachment-full\" alt=\"\" title=\"LOGOCAMARA\" \/><\/a>\n\t\t<span class=\"wpb_single_image_caption\">Logo<\/span><\/figure>\n\t<\/div>\n<\/div><\/div><\/div><\/div><div class=\"vc_row wpb_row vc_row-fluid\"><div class=\"wpb_column vc_column_container vc_col-sm-12\"><div class=\"vc_column-inner\"><div class=\"wpb_wrapper\">\n\t<div class=\"wpb_text_column wpb_content_element\" >\n\t\t<div class=\"wpb_wrapper\">\n\t\t\t<p>Acuerdo de uso: Nosotros y nuestros miembros nos complace proporcionar las siguientes im\u00e1genes para su uso. Solo le pedimos que brinde cr\u00e9dito tanto para el fot\u00f3grafo como para la C\u00e1mara de Turismo de Santa Fe, Veraguas. El nombre del fot\u00f3grafo est\u00e1 en la imagen, y en el texto o en el sitio web, debe acreditar la C\u00e1mara de Turismo de Santa Fe, Veraguas. Nuestro logotipo tambi\u00e9n est\u00e1 disponible para descargar.<\/p>\n<p>&nbsp;<\/p>\n\n\t\t<\/div>\n\t<\/div>\n\n\t<div class=\"wpb_text_column wpb_content_element\" >\n\t\t<div class=\"wpb_wrapper\">\n\t\t\t<p>T\u00e9rminos de uso: es nuestro placer de proveer los siguientes fotos por su uso. Solo pedimos que le da cr\u00e9dito a un ambo el fot\u00f3grafo y la C\u00e1mara de Turismo de Santa Fe cuando los usan. El nombre de la fotograf\u00eda en esta imagen, y debe especificar la C\u00e1mara de Turismo de Santa Fe, Veraguas en texto o con nuestro logotipo.<\/p>\n\n\t\t<\/div>\n\t<\/div>\n<\/div><\/div><\/div><\/div>\n<\/div>","protected":false},"excerpt":{"rendered":"Welcome to our evolving Media Zone.\u00a0 Here we provide easy access to great public photos, reference material, and maps that you can use for your business or non-profit online or in print. \u00a0Media Visits, Familiarization Visits, and Media Requests Are&hellip;","protected":false},"author":1,"featured_media":0,"parent":0,"menu_order":0,"comment_status":"closed","ping_status":"closed","template":"templates\/no-sidebar.php","meta":{"footnotes":""},"class_list":["post-321","page","type-page","status-publish","hentry","entry","no-media"],"_links":{"self":[{"href":"http:\/\/santafepanama.org\/es\/wp-json\/wp\/v2\/pages\/321","targetHints":{"allow":["GET"]}}],"collection":[{"href":"http:\/\/santafepanama.org\/es\/wp-json\/wp\/v2\/pages"}],"about":[{"href":"http:\/\/santafepanama.org\/es\/wp-json\/wp\/v2\/types\/page"}],"author":[{"embeddable":true,"href":"http:\/\/santafepanama.org\/es\/wp-json\/wp\/v2\/users\/1"}],"replies":[{"embeddable":true,"href":"http:\/\/santafepanama.org\/es\/wp-json\/wp\/v2\/comments?post=321"}],"version-history":[{"count":0,"href":"http:\/\/santafepanama.org\/es\/wp-json\/wp\/v2\/pages\/321\/revisions"}],"wp:attachment":[{"href":"http:\/\/santafepanama.org\/es\/wp-json\/wp\/v2\/media?parent=321"}],"curies":[{"name":"wp","href":"https:\/\/api.w.org\/{rel}","templated":true}]}}