{"id":403,"date":"2019-08-13T14:35:56","date_gmt":"2019-08-13T19:35:56","guid":{"rendered":"http:\/\/santafepanama.org\/?page_id=403"},"modified":"2023-04-23T15:07:23","modified_gmt":"2023-04-23T20:07:23","slug":"area-activities","status":"publish","type":"page","link":"http:\/\/santafepanama.org\/es\/area-activities\/","title":{"rendered":"Area Activities"},"content":{"rendered":"<div class=\"wpb-content-wrapper\"><div class=\"vc_row wpb_row vc_row-fluid\"><div class=\"wpb_column vc_column_container vc_col-sm-12\"><div class=\"vc_column-inner\"><div class=\"wpb_wrapper\">\n\t<div class=\"wpb_text_column wpb_content_element\" >\n\t\t<div class=\"wpb_wrapper\">\n\t\t\t<p><span style=\"font-size: 18px;\"><strong>Explore el area con locales, dando la mejor experiencia y apoyando negocios locales: Montar Caballo, Giras Nocturnas, Treks, Explorando el Caribe o la Jungla.<\/strong><\/span><\/p>\n\n\t\t<\/div>\n\t<\/div>\n<\/div><\/div><\/div><\/div><div class=\"vc_row wpb_row vc_row-fluid\"><div class=\"wpb_column vc_column_container vc_col-sm-4\"><div class=\"vc_column-inner\"><div class=\"wpb_wrapper\">\n\t<div  class=\"wpb_single_image wpb_content_element vc_align_ wpb_content_element\">\n\t\t<h2 class=\"wpb_heading wpb_singleimage_heading\">Paseos a caballo con Eric<\/h2>\n\t\t<figure class=\"wpb_wrapper vc_figure\">\n\t\t\t<div class=\"vc_single_image-wrapper   vc_box_border_grey\"><img loading=\"lazy\" decoding=\"async\" width=\"960\" height=\"960\" src=\"https:\/\/santafepanama.org\/wp-content\/uploads\/2020\/07\/HORSES-e1595692268105.jpg\" class=\"vc_single_image-img attachment-full\" alt=\"\" title=\"HORSES\" \/><\/div>\n\t\t<span class=\"wpb_single_image_caption\">Eric Gonzales.  6799-8269 (Solo Llamadas)<\/span><\/figure>\n\t<\/div>\n<\/div><\/div><\/div><div class=\"wpb_column vc_column_container vc_col-sm-4\"><div class=\"vc_column-inner\"><div class=\"wpb_wrapper\">\n\t<div  class=\"wpb_single_image wpb_content_element vc_align_ wpb_content_element\">\n\t\t<h2 class=\"wpb_heading wpb_singleimage_heading\">Santa Fe Wildlife Expeditions<\/h2>\n\t\t<figure class=\"wpb_wrapper vc_figure\">\n\t\t\t<a href=\"http:\/\/instagram.com\/santafewildlife9\" target=\"_self\" class=\"vc_single_image-wrapper local-scroll-link   vc_box_border_grey\"><img loading=\"lazy\" decoding=\"async\" width=\"1125\" height=\"1125\" src=\"https:\/\/santafepanama.org\/wp-content\/uploads\/2019\/07\/RedEyedTreeFrog.jpg\" class=\"vc_single_image-img attachment-full\" alt=\"\" title=\"RedEyedTreeFrog\" \/><\/a>\n\t\t<span class=\"wpb_single_image_caption\">Edgar Toribio. Guia Local. 20 anos experiencia.  6261-4039 (WhatsApp)<\/span><\/figure>\n\t<\/div>\n<\/div><\/div><\/div><div class=\"wpb_column vc_column_container vc_col-sm-4\"><div class=\"vc_column-inner\"><div class=\"wpb_wrapper\">\n\t<div  class=\"wpb_single_image wpb_content_element vc_align_ wpb_content_element\">\n\t\t<h2 class=\"wpb_heading wpb_singleimage_heading\">Rainforest Yasmin<\/h2>\n\t\t<figure class=\"wpb_wrapper vc_figure\">\n\t\t\t<a href=\"https:\/\/www.instagram.com\/rainforestyasminhotel\/\" target=\"_self\" class=\"vc_single_image-wrapper local-scroll-link   vc_box_border_grey\"><img loading=\"lazy\" decoding=\"async\" width=\"400\" height=\"400\" src=\"https:\/\/santafepanama.org\/wp-content\/uploads\/2019\/08\/RICARDO.jpg.png\" class=\"vc_single_image-img attachment-full\" alt=\"\" title=\"RICARDO.jpg\" \/><\/a>\n\t\t<span class=\"wpb_single_image_caption\">Hostal + Actividades. 6738-3010 (WhatsApp)<\/span><\/figure>\n\t<\/div>\n<\/div><\/div><\/div><\/div><div class=\"vc_row wpb_row vc_row-fluid\"><div class=\"wpb_column vc_column_container vc_col-sm-4\"><div class=\"vc_column-inner\"><div class=\"wpb_wrapper\">\n\t<div  class=\"wpb_single_image wpb_content_element vc_align_ wpb_content_element\">\n\t\t<h2 class=\"wpb_heading wpb_singleimage_heading\">Coffee Mountain Inn y Tours<\/h2>\n\t\t<figure class=\"wpb_wrapper vc_figure\">\n\t\t\t<a href=\"http:\/\/ecotoursantafe.com\" target=\"_self\" class=\"vc_single_image-wrapper local-scroll-link   vc_box_border_grey\"><img loading=\"lazy\" decoding=\"async\" width=\"988\" height=\"982\" src=\"https:\/\/santafepanama.org\/wp-content\/uploads\/2019\/06\/SFNP.jpg\" class=\"vc_single_image-img attachment-full\" alt=\"\" title=\"SFNP\" \/><\/a>\n\t\t<span class=\"wpb_single_image_caption\">Hotel+Actividades. 6908-0812 (WhatsApp). ecotoursantafe.com<\/span><\/figure>\n\t<\/div>\n<\/div><\/div><\/div><div class=\"wpb_column vc_column_container vc_col-sm-4\"><div class=\"vc_column-inner\"><div class=\"wpb_wrapper\"><\/div><\/div><\/div><\/div><div class=\"vc_row wpb_row vc_row-fluid\"><div class=\"wpb_column vc_column_container vc_col-sm-12\"><div class=\"vc_column-inner\"><div class=\"wpb_wrapper\">\n\t<div class=\"wpb_text_column wpb_content_element\" >\n\t\t<div class=\"wpb_wrapper\">\n\t\t\t<p><strong>Otros proveedores de \u00e1rea:<\/strong><\/p>\n<ul>\n<li>Junglecat Panama S.A.\u00a0 6158 9144<\/li>\n<li>Campesino&#8217;s Hope Cooperative\u00a0 \u00a06292 6420; estoessantafe.com<\/li>\n<li>Certificado de un curso de gu\u00edas locales de Santa Fe (pueden o no estar actualmente activos): Alex Toribio, Lurisneidy Forero Salas, Cerviliano Aguilar, Zoveida Herrera, Manuel Pineda, Hernando Abrego, Luis Sanches, Misael Flores, Lilia Aguilar, Francisca Gonz\u00e1lez, Ronald Pe\u00f1a , Yara Pena, Andis Batista Jaramillo, Luis Aguilar, Elizabeth Wilkinson, Iris Itzel Quir\u00f3z, Erenia Rodr\u00edguez, Jos\u00e9 Antonio Abrego, Encarnaci\u00f3n Rodr\u00edguez, Odelvis Martin Jord\u00e1n, Rub\u00e9n Gonz\u00e1lez, Gregoria Carpintero. <em>\u00a0<\/em><\/li>\n<li>La Gu\u00eda Naturalista Tours y Excursiones 6562 9840<\/li>\n<li>William Abrego Tube Rentals 6583 5944<\/li>\n<\/ul>\n\n\t\t<\/div>\n\t<\/div>\n<\/div><\/div><\/div><\/div>\n<\/div>","protected":false},"excerpt":{"rendered":"From horseback riding, to treks, to night tours, to boat rides, check out some of the interesting activities our small, local businesses run! Horseback Rides with Eric Eric Gonzales. Spanish Only. 6799-8269 (Calls Only) Santa Fe Wildlife Expeditions Edgar Toribio.&hellip;","protected":false},"author":1,"featured_media":0,"parent":0,"menu_order":0,"comment_status":"closed","ping_status":"closed","template":"templates\/no-sidebar.php","meta":{"footnotes":""},"class_list":["post-403","page","type-page","status-publish","hentry","entry","no-media"],"_links":{"self":[{"href":"http:\/\/santafepanama.org\/es\/wp-json\/wp\/v2\/pages\/403","targetHints":{"allow":["GET"]}}],"collection":[{"href":"http:\/\/santafepanama.org\/es\/wp-json\/wp\/v2\/pages"}],"about":[{"href":"http:\/\/santafepanama.org\/es\/wp-json\/wp\/v2\/types\/page"}],"author":[{"embeddable":true,"href":"http:\/\/santafepanama.org\/es\/wp-json\/wp\/v2\/users\/1"}],"replies":[{"embeddable":true,"href":"http:\/\/santafepanama.org\/es\/wp-json\/wp\/v2\/comments?post=403"}],"version-history":[{"count":3,"href":"http:\/\/santafepanama.org\/es\/wp-json\/wp\/v2\/pages\/403\/revisions"}],"predecessor-version":[{"id":659,"href":"http:\/\/santafepanama.org\/es\/wp-json\/wp\/v2\/pages\/403\/revisions\/659"}],"wp:attachment":[{"href":"http:\/\/santafepanama.org\/es\/wp-json\/wp\/v2\/media?parent=403"}],"curies":[{"name":"wp","href":"https:\/\/api.w.org\/{rel}","templated":true}]}}