{"id":583,"date":"2020-07-28T17:36:33","date_gmt":"2020-07-28T22:36:33","guid":{"rendered":"https:\/\/santafepanama.org\/?page_id=583"},"modified":"2020-07-28T17:36:33","modified_gmt":"2020-07-28T22:36:33","slug":"orchids-plants","status":"publish","type":"page","link":"http:\/\/santafepanama.org\/es\/orchids-plants\/","title":{"rendered":"Orchids &#038; Plants"},"content":{"rendered":"<div class=\"wpb-content-wrapper\"><div class=\"vc_row wpb_row vc_row-fluid\"><div class=\"wpb_column vc_column_container vc_col-sm-12\"><div class=\"vc_column-inner\"><div class=\"wpb_wrapper\"><h1 style=\"font-size: 40px;color: #000000;text-align: center;font-family:Muli;font-weight:400;font-style:normal\" class=\"vc_custom_heading vc_do_custom_heading\" >Orquideas y Otras Plantas<\/h1><\/div><\/div><\/div><\/div><div data-vc-full-width=\"true\" data-vc-full-width-init=\"false\" class=\"vc_row wpb_row vc_row-fluid vc_custom_1595964787668 wpex-vc_row-has-fill wpex-vc-row-stretched\"><div class=\"wpb_column vc_column_container vc_col-sm-12\"><div class=\"vc_column-inner\"><div class=\"wpb_wrapper\">\n\t<div style=\"font-family:Lobster;font-size:28px;font-weight:600;text-align:center;\" class=\"wpb_text_column wpb_content_element\" >\n\t\t<div class=\"wpb_wrapper\">\n\t\t\t<p>Santa Fe tiene mas de 300 especies de orquideas!<\/p>\n\n\t\t<\/div>\n\t<\/div>\n<\/div><\/div><\/div><\/div><div class=\"vc_row-full-width vc_clearfix\"><\/div><div class=\"vc_row wpb_row vc_row-fluid\"><div class=\"wpb_column vc_column_container vc_col-sm-3\"><div class=\"vc_column-inner\"><div class=\"wpb_wrapper\">\n\t<div  class=\"wpb_single_image wpb_content_element vc_align_ wpb_content_element\">\n\t\t\n\t\t<figure class=\"wpb_wrapper vc_figure\">\n\t\t\t<div class=\"vc_single_image-wrapper   vc_box_border_grey\"><img decoding=\"async\" class=\"vc_single_image-img\" src=\"https:\/\/santafepanama.org\/wp-content\/uploads\/2019\/07\/LogoLicious_20190710_170648-300x300.jpg\" width=\"300\" height=\"300\" alt=\"LogoLicious_20190710_170648\" title=\"LogoLicious_20190710_170648\" loading=\"lazy\" \/><\/div>\n\t\t<\/figure>\n\t<\/div>\n<\/div><\/div><\/div><div class=\"wpb_column vc_column_container vc_col-sm-9\"><div class=\"vc_column-inner\"><div class=\"wpb_wrapper\">\n\t<div style=\"font-family:Muli;\" class=\"wpb_text_column wpb_content_element\" >\n\t\t<div class=\"wpb_wrapper\">\n\t\t\t<p>Santa Fe tiene un h\u00e1bitat perfecto y diverso para las orqu\u00eddeas, con m\u00e1s de 300 especies identificadas en el Parque Nacional y sus alrededores. La Asociaci\u00f3n de Productores de Orqu\u00eddeas de Santa Fe organiza una exposici\u00f3n anual de orqu\u00eddeas. Mientras que ocurre solo una vez al a\u00f1o, los visitantes pueden ver orqu\u00eddeas y comprar otras plantas tropicales en uno de los viveros locales. Al inicio, muchas orqu\u00eddeas se recolectaron en lo que hoy es el Parque Nacional Santa Fe, pero esta pr\u00e1ctica se hizo poco favorable con el enfoque en la conservaci\u00f3n, por lo que encontrar\u00e1 que muchos viveros pueden tener orqu\u00eddeas, pero no venderlas.<\/p>\n<p>&nbsp;<\/p>\n<p>&nbsp;<\/p>\n\n\t\t<\/div>\n\t<\/div>\n<\/div><\/div><\/div><\/div><div class=\"vc_row wpb_row vc_row-fluid\"><div class=\"wpb_column vc_column_container vc_col-sm-8\"><div class=\"vc_column-inner\"><div class=\"wpb_wrapper\"><h2 style=\"text-align: left;font-family:Muli;font-weight:400;font-style:normal\" class=\"vc_custom_heading vc_do_custom_heading\" >Donde Ver Orquideas en Santa Fe<\/h2>\n\t<div style=\"font-family:Muli;\" class=\"wpb_text_column wpb_content_element\" >\n\t\t<div class=\"wpb_wrapper\">\n\t\t\t<h3><span style=\"font-size: 16px;\"><strong>Orquideas y Artesanias Anayansi<\/strong><\/span><\/h3>\n<p><em>Santa Fe Cabecera, Via el Pantano<\/em><br \/>\nSra. Anayansi tiene varias orquideas, pero no las vende, solo para apreciar.  Tambien vende artesania. 8am-5pm.<\/p>\n<h3><span style=\"font-size: 16px;\"><strong>Orquideas Dona Bertha<\/strong><\/span><\/h3>\n<p><em>Santa Fe Cabecera, Via el Pantano<\/em><br \/>\nDona Bertha tiene la colecci\u00f3n de orqu\u00eddeas m\u00e1s extensa en exhibici\u00f3n, solo con cita 6566-4387<\/p>\n<h2>Nurseries<\/h2>\n<h3><span style=\"font-size: 16px;\">Vivero Forestal Santa Fe<\/span><\/h3>\n<p><em>Santa Fe Cabecera, cerca de iglesia<\/em><br \/>\nPlantas ornamentals, frutas, cafe, y maderables.  8am-5pm<\/p>\n<h3>Vivero Dona Cecy<\/h3>\n<p><em>Santa Fe Cabecera- In front of the Post Office<\/em><br \/>\nPlantas ornamentales, 8am-6pm<\/p>\n<h3>Vivero Dona Paula<\/h3>\n<p><em>Santa Fe Cabecera<\/em><br \/>\nPlantas ornamentales, 8am-6pm<\/p>\n\n\t\t<\/div>\n\t<\/div>\n<\/div><\/div><\/div><div class=\"wpb_column vc_column_container vc_col-sm-4\"><div class=\"vc_column-inner\"><div class=\"wpb_wrapper\">\n\t<div  class=\"wpb_single_image wpb_content_element vc_align_ wpb_content_element\">\n\t\t\n\t\t<figure class=\"wpb_wrapper vc_figure\">\n\t\t\t<div class=\"vc_single_image-wrapper   vc_box_border_grey\"><img loading=\"lazy\" decoding=\"async\" width=\"780\" height=\"1040\" src=\"https:\/\/santafepanama.org\/wp-content\/uploads\/2019\/07\/LogoLicious_20190710_170815.jpg\" class=\"vc_single_image-img attachment-full\" alt=\"\" title=\"LogoLicious_20190710_170815\" \/><\/div>\n\t\t<\/figure>\n\t<\/div>\n<\/div><\/div><\/div><\/div><div class=\"vc_row wpb_row vc_row-fluid\"><div class=\"wpb_column vc_column_container vc_col-sm-12\"><div class=\"vc_column-inner\"><div class=\"wpb_wrapper\"><\/div><\/div><\/div><\/div>\n<\/div>","protected":false},"excerpt":{"rendered":"Orchids & Other Plants Santa Fe has over 300+ species of orchids! Santa Fe provides a perfect and diverse habitat for orchids, with over 300 species identified in the National Park and surrounding areas.\u00a0 \u00a0The Santa Fe Orchid Grower's Association&hellip;","protected":false},"author":1,"featured_media":0,"parent":0,"menu_order":0,"comment_status":"closed","ping_status":"closed","template":"templates\/no-sidebar.php","meta":{"footnotes":""},"class_list":["post-583","page","type-page","status-publish","hentry","entry","no-media"],"_links":{"self":[{"href":"http:\/\/santafepanama.org\/es\/wp-json\/wp\/v2\/pages\/583","targetHints":{"allow":["GET"]}}],"collection":[{"href":"http:\/\/santafepanama.org\/es\/wp-json\/wp\/v2\/pages"}],"about":[{"href":"http:\/\/santafepanama.org\/es\/wp-json\/wp\/v2\/types\/page"}],"author":[{"embeddable":true,"href":"http:\/\/santafepanama.org\/es\/wp-json\/wp\/v2\/users\/1"}],"replies":[{"embeddable":true,"href":"http:\/\/santafepanama.org\/es\/wp-json\/wp\/v2\/comments?post=583"}],"version-history":[{"count":3,"href":"http:\/\/santafepanama.org\/es\/wp-json\/wp\/v2\/pages\/583\/revisions"}],"predecessor-version":[{"id":586,"href":"http:\/\/santafepanama.org\/es\/wp-json\/wp\/v2\/pages\/583\/revisions\/586"}],"wp:attachment":[{"href":"http:\/\/santafepanama.org\/es\/wp-json\/wp\/v2\/media?parent=583"}],"curies":[{"name":"wp","href":"https:\/\/api.w.org\/{rel}","templated":true}]}}