{"id":589,"date":"2020-07-30T14:22:41","date_gmt":"2020-07-30T19:22:41","guid":{"rendered":"https:\/\/santafepanama.org\/?page_id=589"},"modified":"2020-08-01T13:53:21","modified_gmt":"2020-08-01T18:53:21","slug":"coffee-other-produce","status":"publish","type":"page","link":"http:\/\/santafepanama.org\/es\/coffee-other-produce\/","title":{"rendered":"Coffee &#038; Other Produce"},"content":{"rendered":"<div class=\"wpb-content-wrapper\"><div class=\"vc_row wpb_row vc_row-fluid\"><div class=\"wpb_column vc_column_container vc_col-sm-12\"><div class=\"vc_column-inner\"><div class=\"wpb_wrapper\"><h1 style=\"font-size: 40px;text-align: center;font-family:Muli;font-weight:400;font-style:normal\" class=\"vc_custom_heading vc_do_custom_heading\" >Agroturismo: Cafe y Mas<\/h1><\/div><\/div><\/div><\/div><div data-vc-full-width=\"true\" data-vc-full-width-init=\"false\" class=\"vc_row wpb_row vc_row-fluid vc_custom_1596040456167 wpex-vc_row-has-fill wpex-vc-row-stretched\"><div class=\"wpb_column vc_column_container vc_col-sm-12\"><div class=\"vc_column-inner\"><div class=\"wpb_wrapper\"><div class=\"vc_empty_space\"   style=\"height: 32px\"><span class=\"vc_empty_space_inner\"><\/span><\/div>\n\t<div style=\"font-family:Lobster Two;text-align:center;\" class=\"wpb_text_column wpb_content_element\" >\n\t\t<div class=\"wpb_wrapper\">\n\t\t\t<p style=\"text-align: center;\"><span style=\"font-size: 28px;\">Nuestras fincas de cafe estan a 4 hrs de la Ciudad.<\/span><\/p>\n\n\t\t<\/div>\n\t<\/div>\n<\/div><\/div><\/div><\/div><div class=\"vc_row-full-width vc_clearfix\"><\/div><div class=\"vc_row wpb_row vc_row-fluid\"><div class=\"wpb_column vc_column_container vc_col-sm-4\"><div class=\"vc_column-inner\"><div class=\"wpb_wrapper\"><div class=\"vc_empty_space\"   style=\"height: 32px\"><span class=\"vc_empty_space_inner\"><\/span><\/div>\n\t<div  class=\"wpb_single_image wpb_content_element vc_align_ wpb_content_element\">\n\t\t\n\t\t<figure class=\"wpb_wrapper vc_figure\">\n\t\t\t<div class=\"vc_single_image-wrapper   vc_box_border_grey\"><img loading=\"lazy\" decoding=\"async\" width=\"500\" height=\"347\" src=\"https:\/\/santafepanama.org\/wp-content\/uploads\/2019\/06\/Coffee.png\" class=\"vc_single_image-img attachment-full\" alt=\"Visit our Farms\" title=\"Coffee\" \/><\/div>\n\t\t<\/figure>\n\t<\/div>\n<div class=\"vcex-spacing\" style=\"height:30px\"><\/div><\/div><\/div><\/div><div class=\"wpb_column vc_column_container vc_col-sm-8\"><div class=\"vc_column-inner\"><div class=\"wpb_wrapper\"><h2 style=\"text-align: left;font-family:Muli;font-weight:400;font-style:normal\" class=\"vc_custom_heading vc_do_custom_heading\" >Santa Fe y Cafe<\/h2>\n\t<div style=\"font-family:Muli;\" class=\"wpb_text_column wpb_content_element\" >\n\t\t<div class=\"wpb_wrapper\">\n\t\t\t<p>Santa Fe es conocida por su producci\u00f3n de caf\u00e9. La mayor\u00eda (m\u00e1s de 100 productores) participan en la Cooperativa de Caf\u00e9 de Santa Fe, donde nuestros granos se agrupan, secan, rostizan, muelen y empaquetan en dos marcas: <em>Cafe Tute<\/em> y <em>Cafe Santa Fe.<\/em><\/p>\n<p><strong>Donde Comprar:\u00a0<\/strong> Se puede comprar en la torrefactora o en cualquier supermercada en Santa Fe.<\/p>\n<p><strong>Como aprender mas:\u00a0<\/strong> Hoy en dia, existen tres opciones (1) Puede visitar a <strong>una finca privada<\/strong>. (2)  Puede ir en una <strong>gira de cafe,<\/strong> visitando una finca y la torrefactora, o (3) Se puede<strong> visitar la Torrefactora sola.\u00a0<\/strong><\/p>\n<p><strong>Otras Cosechas:\u00a0<\/strong>Muchos en Santa Fe usan t\u00e9cnicas agr\u00edcolas sostenibles. Cultivamos arroz, ma\u00edz, frijoles y para nuestro propio consumo. Muchos han abierto sus puertas a los visitantes. Se recomiendan reservas antes de visitar.<\/p>\n\n\t\t<\/div>\n\t<\/div>\n<\/div><\/div><\/div><\/div><div data-vc-full-width=\"true\" data-vc-full-width-init=\"false\" class=\"vc_row wpb_row vc_row-fluid vc_custom_1596140355550 vc_row-o-equal-height vc_row-o-content-middle vc_row-flex wpex-vc_row-has-fill wpex-vc-row-stretched\"><div class=\"wpb_column vc_column_container vc_col-sm-12\"><div class=\"vc_column-inner\"><div class=\"wpb_wrapper\"><div class=\"vc_empty_space\"   style=\"height: 32px\"><span class=\"vc_empty_space_inner\"><\/span><\/div><div class=\"vcex-module vcex-image-grid wpex-row wpex-clr grid-style-default\"><div class=\"id-336 vcex-image-grid-entry span_1_of_4 col col-1\"><figure class=\"vcex-image-grid-entry-figure wpex-clr\"><div class=\"vcex-image-grid-entry-img wpex-clr overlay-parent overlay-parent-title-bottom-see-through\"><a href=\"https:\/\/www.instagram.com\/mariaychonorganicfarm\/\" class=\"vcex-image-grid-entry-img\" title=\"Finca Maria y Chon\"><img loading=\"lazy\" decoding=\"async\" alt=\"Finca Maria Y Chon\" src=\"https:\/\/santafepanama.org\/wp-content\/uploads\/2019\/07\/FINCAMARIACHON-150x150.jpg\" data-rjs=\"https:\/\/santafepanama.org\/wp-content\/uploads\/2019\/07\/FINCAMARIACHON-150x150@2x.jpg\" width=\"150\" height=\"150\" \/><div class=\"overlay-title-bottom-see-through theme-overlay textcenter\"><span class=\"title\">Finca Maria y Chon<\/span><\/div><\/a><\/div><\/figure><\/div><div class=\"id-348 vcex-image-grid-entry span_1_of_4 col col-2\"><figure class=\"vcex-image-grid-entry-figure wpex-clr\"><div class=\"vcex-image-grid-entry-img wpex-clr overlay-parent overlay-parent-title-bottom-see-through\"><a href=\"https:\/\/www.instagram.com\/finca_el_salto\/\" class=\"vcex-image-grid-entry-img\" title=\"Finca El Salto\"><img loading=\"lazy\" decoding=\"async\" alt=\"Finca El Salto\" src=\"https:\/\/santafepanama.org\/wp-content\/uploads\/2019\/07\/FincaElSalto-150x150.jpg\" data-rjs=\"https:\/\/santafepanama.org\/wp-content\/uploads\/2019\/07\/FincaElSalto-150x150@2x.jpg\" width=\"150\" height=\"150\" \/><div class=\"overlay-title-bottom-see-through theme-overlay textcenter\"><span class=\"title\">Finca El Salto<\/span><\/div><\/a><\/div><\/figure><\/div><div class=\"id-594 vcex-image-grid-entry span_1_of_4 col col-3\"><figure class=\"vcex-image-grid-entry-figure wpex-clr\"><div class=\"vcex-image-grid-entry-img wpex-clr overlay-parent overlay-parent-title-bottom-see-through\"><a href=\"https:\/\/www.instagram.com\/cafemariannerue700\/\" class=\"vcex-image-grid-entry-img\" title=\"Cafe Marianne Rue\"><img loading=\"lazy\" decoding=\"async\" alt=\"Cafe Marianne Rue\" src=\"https:\/\/santafepanama.org\/wp-content\/uploads\/2020\/07\/FINCAMARIANNARUE-150x150.jpg\" data-rjs=\"https:\/\/santafepanama.org\/wp-content\/uploads\/2020\/07\/FINCAMARIANNARUE-150x150@2x.jpg\" width=\"150\" height=\"150\" \/><div class=\"overlay-title-bottom-see-through theme-overlay textcenter\"><span class=\"title\">Finca Marianne Rue<\/span><\/div><\/a><\/div><\/figure><\/div><\/div><\/div><\/div><\/div><\/div><div class=\"vc_row-full-width vc_clearfix\"><\/div><div class=\"vc_row wpb_row vc_row-fluid\"><div class=\"wpb_column vc_column_container vc_col-sm-6\"><div class=\"vc_column-inner\"><div class=\"wpb_wrapper\"><h2 style=\"text-align: left;font-family:Muli;font-weight:400;font-style:normal\" class=\"vc_custom_heading vc_do_custom_heading\" >Fincas Agroturisticas<\/h2>\n\t<div class=\"wpb_text_column wpb_content_element\" >\n\t\t<div class=\"wpb_wrapper\">\n\t\t\t<p>Muchas de las fincas locales no tienen acceso directo en auto. Debe caminar o viajar en 4 \u00d7 4 para llegar. Favor, consulte con el propietario antes de planificar su viaje!<\/p>\n<p><strong>Finca Maria y Chon<\/strong><\/p>\n<p>La Muela, El Pantano<\/p>\n<p>Producci\u00f3n de caf\u00e9 y orqu\u00eddeas, productos vegetales, giras en toda la finca, incluyendo un almuerzo para los visitantes<\/p>\n<p><strong>Finca El Salto<\/strong><\/p>\n<p>El Salto.<\/p>\n<p>Agricultura sostenible y cascadas. Giras y Cabanas. Espanol.<\/p>\n<p><strong>F<\/strong><strong>inca Prueba y Veraz.<\/strong><\/p>\n<p>El Pantano<\/p>\n<p>Tecnicas de agricultura sostenible. Giras, Hospedaje rural. Espanol.<\/p>\n<p><strong>Finca Marainne Rue<\/strong><\/p>\n<p>El Alto &#8211; Santa Fe<\/p>\n<p>Finca Eco-amigable, giras tur\u00edsticas en el beneficio del caf\u00e9 con refrigerio incluido, venta y catacion del caf\u00e9. Se habla ingles y espa\u00f1ol.<\/p>\n<p><strong>Asociacion Agroturistica Las Golondrinas<\/strong><\/p>\n<p>El Bongo<\/p>\n<p>Asociacion indigena de agricultores.  Finca y Cascada. Espanol.<\/p>\n<p>&nbsp;<\/p>\n<p>PRONTO:<\/p>\n<p><strong>MYCENA<\/strong><\/p>\n<p>El Alto, Santa Fe<\/p>\n<p>Finca Demonstrativa de tecnicas de permacultura. En desarrollo.<\/p>\n<p>&nbsp;<\/p>\n<p><strong>Otras Fincas (con certificado de agroturismo, pero no hemos contactado a ellos por detailles).<\/strong><\/p>\n<p><strong>Finca La Esperanza, <\/strong>La Piquera, Santa Fe<\/p>\n<p><strong>Finca Familia Gonzales,\u00a0<\/strong>El Juncal, Santa Fe<\/p>\n<p><strong>Finca La Perica,\u00a0<\/strong>Santa Fe<\/p>\n<p><strong>Finca Villa del Sol,\u00a0<\/strong>Los Hoyos, Santa Fe<\/p>\n<p>&nbsp;<\/p>\n<p>&nbsp;<\/p>\n<p>&nbsp;<\/p>\n<p>&nbsp;<\/p>\n\n\t\t<\/div>\n\t<\/div>\n<\/div><\/div><\/div><div class=\"wpb_column vc_column_container vc_col-sm-6 wpex-vc_col-has-fill\"><div class=\"vc_column-inner vc_custom_1596139398660\"><div class=\"wpb_wrapper\"><h2 style=\"text-align: left;font-family:Muli;font-weight:400;font-style:normal\" class=\"vc_custom_heading vc_do_custom_heading\" >Giras de Cafe<\/h2>\n\t<div class=\"wpb_text_column wpb_content_element\" >\n\t\t<div class=\"wpb_wrapper\">\n\t\t\t<p><strong>Coffee Mountain Inn &amp; Tours<\/strong><\/p>\n<p>Santa Fe<\/p>\n<p>Gira de Cafe (Finca y Torrefactora) $30pp \/ Cena en la Finca $59pp (Espanol \/ Ingles).  Reservaciones.<\/p>\n\n\t\t<\/div>\n\t<\/div>\n<div class=\"vc_empty_space\"   style=\"height: 32px\"><span class=\"vc_empty_space_inner\"><\/span><\/div><h2 style=\"text-align: left;font-family:Muli;font-weight:400;font-style:normal\" class=\"vc_custom_heading vc_do_custom_heading\" >Torrefactora - Cooperativa para Procesar Cafe<\/h2>\n\t<div class=\"wpb_text_column wpb_content_element\" >\n\t\t<div class=\"wpb_wrapper\">\n\t\t\t<p><strong>Torrefactora<\/strong><\/p>\n<p>Santa Fe<\/p>\n<p>Entrada $10. 7am - 3pm. Autoguiado.<\/p>\n\n\t\t<\/div>\n\t<\/div>\n<\/div><\/div><\/div><\/div>\n<\/div>","protected":false},"excerpt":{"rendered":"","protected":false},"author":1,"featured_media":0,"parent":0,"menu_order":0,"comment_status":"closed","ping_status":"closed","template":"templates\/no-sidebar.php","meta":{"footnotes":""},"class_list":["post-589","page","type-page","status-publish","hentry","entry","no-media"],"_links":{"self":[{"href":"http:\/\/santafepanama.org\/es\/wp-json\/wp\/v2\/pages\/589","targetHints":{"allow":["GET"]}}],"collection":[{"href":"http:\/\/santafepanama.org\/es\/wp-json\/wp\/v2\/pages"}],"about":[{"href":"http:\/\/santafepanama.org\/es\/wp-json\/wp\/v2\/types\/page"}],"author":[{"embeddable":true,"href":"http:\/\/santafepanama.org\/es\/wp-json\/wp\/v2\/users\/1"}],"replies":[{"embeddable":true,"href":"http:\/\/santafepanama.org\/es\/wp-json\/wp\/v2\/comments?post=589"}],"version-history":[{"count":11,"href":"http:\/\/santafepanama.org\/es\/wp-json\/wp\/v2\/pages\/589\/revisions"}],"predecessor-version":[{"id":607,"href":"http:\/\/santafepanama.org\/es\/wp-json\/wp\/v2\/pages\/589\/revisions\/607"}],"wp:attachment":[{"href":"http:\/\/santafepanama.org\/es\/wp-json\/wp\/v2\/media?parent=589"}],"curies":[{"name":"wp","href":"https:\/\/api.w.org\/{rel}","templated":true}]}}