{"id":608,"date":"2020-08-02T09:15:12","date_gmt":"2020-08-02T14:15:12","guid":{"rendered":"https:\/\/santafepanama.org\/?page_id=608"},"modified":"2020-08-02T09:21:45","modified_gmt":"2020-08-02T14:21:45","slug":"artesania-y-cultura","status":"publish","type":"page","link":"http:\/\/santafepanama.org\/es\/artesania-y-cultura\/","title":{"rendered":"Artesania y Cultura"},"content":{"rendered":"<div class=\"wpb-content-wrapper\"><div data-vc-full-width=\"true\" data-vc-full-width-init=\"false\" data-vc-stretch-content=\"true\" class=\"vc_row wpb_row vc_row-fluid vc_custom_1596381608237 wpex-vc_row-has-fill wpex-vc-row-stretched\"><div class=\"wpb_column vc_column_container vc_col-sm-12\"><div class=\"vc_column-inner\"><div class=\"wpb_wrapper\"><div class=\"vc_empty_space\"   style=\"height: 32px\"><span class=\"vc_empty_space_inner\"><\/span><\/div><h1 style=\"font-size: 32px;text-align: center;font-family:Lobster Two;font-weight:700;font-style:normal\" class=\"vc_custom_heading vc_do_custom_heading\" >Artesania en Santa Fe, Veraguas<\/h1><\/div><\/div><\/div><\/div><div class=\"vc_row-full-width vc_clearfix\"><\/div><div class=\"vc_row wpb_row vc_row-fluid\"><div class=\"wpb_column vc_column_container vc_col-sm-12\"><div class=\"vc_column-inner\"><div class=\"wpb_wrapper\"><div class=\"vc_empty_space\"   style=\"height: 32px\"><span class=\"vc_empty_space_inner\"><\/span><\/div>\n\t<div style=\"font-family:Muli;\" class=\"wpb_text_column wpb_content_element\" >\n\t\t<div class=\"wpb_wrapper\">\n\t\t\t<p>Santa Fe se caracteriza por una mezcla de culturas.  La Comarca Ngabe Bugle limita el distrito al oeste y para muchas Ngabe, Santa Fe es el pueblo m\u00e1s cercana. En Santa Fe, ver\u00e1 una combinaci\u00f3n de campesinos latinos, profesionales, e ind\u00edgenas Ngabe. Esta mezcla de personas y culturas se ve en el arte. El area es conocido por:  los sombreros pintados, vestidos Ngabe, y obras individuales de artesanos con joyas o pinturas.<\/p>\n<p>Se puede visitar los siguientes locales en Santa Fe:<\/p>\n\n\t\t<\/div>\n\t<\/div>\n<\/div><\/div><\/div><\/div><div class=\"vc_row wpb_row vc_row-fluid\"><div class=\"wpb_column vc_column_container vc_col-sm-4\"><div class=\"vc_column-inner\"><div class=\"wpb_wrapper\">\n\t<div  class=\"wpb_single_image wpb_content_element vc_align_center wpb_content_element\">\n\t\t\n\t\t<figure class=\"wpb_wrapper vc_figure\">\n\t\t\t<div class=\"vc_single_image-wrapper   vc_box_border_grey\"><img decoding=\"async\" class=\"vc_single_image-img\" src=\"https:\/\/santafepanama.org\/wp-content\/uploads\/2019\/07\/LogoLicious_20190710_172732-e1596373245223-300x300.jpg\" width=\"300\" height=\"300\" alt=\"Places\" title=\"Mercadito de Santa Fe\" loading=\"lazy\" \/><\/div>\n\t\t<span class=\"wpb_single_image_caption\">Mercado Agricola y Artesanal. Al lado de la iglesia.  8am-4pm diario.<\/span><\/figure>\n\t<\/div>\n<\/div><\/div><\/div><div class=\"wpb_column vc_column_container vc_col-sm-4\"><div class=\"vc_column-inner\"><div class=\"wpb_wrapper\">\n\t<div  class=\"wpb_single_image wpb_content_element vc_align_ wpb_content_element\">\n\t\t\n\t\t<figure class=\"wpb_wrapper vc_figure\">\n\t\t\t<div class=\"vc_single_image-wrapper   vc_box_border_grey\"><img decoding=\"async\" class=\"vc_single_image-img\" src=\"https:\/\/santafepanama.org\/wp-content\/uploads\/2019\/07\/LogoLicious_20190710_173002-300x300.jpg\" width=\"300\" height=\"300\" alt=\"Artesania Anayansi\" title=\"Artesania Santa Fe, Anayansi\" loading=\"lazy\" \/><\/div>\n\t\t<span class=\"wpb_single_image_caption\">Artesania Anayansi. Via al Pantano. WhatsApp: 6708-3598<\/span><\/figure>\n\t<\/div>\n<\/div><\/div><\/div><div class=\"wpb_column vc_column_container vc_col-sm-4\"><div class=\"vc_column-inner\"><div class=\"wpb_wrapper\">\n\t<div  class=\"wpb_single_image wpb_content_element vc_align_ wpb_content_element\">\n\t\t\n\t\t<figure class=\"wpb_wrapper vc_figure\">\n\t\t\t<div class=\"vc_single_image-wrapper   vc_box_border_grey\"><img decoding=\"async\" class=\"vc_single_image-img\" src=\"https:\/\/santafepanama.org\/wp-content\/uploads\/2019\/07\/IMG-20190711-WA0007-300x300.jpg\" width=\"300\" height=\"300\" alt=\"Cafe Dorado\" title=\"IMG-20190711-WA0007\" loading=\"lazy\" \/><\/div>\n\t\t<span class=\"wpb_single_image_caption\">NatureArte. Entrada al Pueblo. 10am-5:30pm. Cerrado domingos.<\/span><\/figure>\n\t<\/div>\n<\/div><\/div><\/div><\/div><div class=\"vc_row wpb_row vc_row-fluid\"><div class=\"wpb_column vc_column_container vc_col-sm-12\"><div class=\"vc_column-inner\"><div class=\"wpb_wrapper\"><\/div><\/div><\/div><\/div>\n<\/div>","protected":false},"excerpt":{"rendered":"Santa Fe Artisans Santa Fe is characterized by a mix of cultures. We are bordered by the Comarca Ngabe Bugle, and for many, Santa Fe is the nearest town.\u00a0 You will see a combination of traditional campesinos, rural latinos and&hellip;","protected":false},"author":1,"featured_media":0,"parent":0,"menu_order":0,"comment_status":"closed","ping_status":"closed","template":"templates\/no-sidebar.php","meta":{"footnotes":""},"class_list":["post-608","page","type-page","status-publish","hentry","entry","no-media"],"_links":{"self":[{"href":"http:\/\/santafepanama.org\/es\/wp-json\/wp\/v2\/pages\/608","targetHints":{"allow":["GET"]}}],"collection":[{"href":"http:\/\/santafepanama.org\/es\/wp-json\/wp\/v2\/pages"}],"about":[{"href":"http:\/\/santafepanama.org\/es\/wp-json\/wp\/v2\/types\/page"}],"author":[{"embeddable":true,"href":"http:\/\/santafepanama.org\/es\/wp-json\/wp\/v2\/users\/1"}],"replies":[{"embeddable":true,"href":"http:\/\/santafepanama.org\/es\/wp-json\/wp\/v2\/comments?post=608"}],"version-history":[{"count":7,"href":"http:\/\/santafepanama.org\/es\/wp-json\/wp\/v2\/pages\/608\/revisions"}],"predecessor-version":[{"id":615,"href":"http:\/\/santafepanama.org\/es\/wp-json\/wp\/v2\/pages\/608\/revisions\/615"}],"wp:attachment":[{"href":"http:\/\/santafepanama.org\/es\/wp-json\/wp\/v2\/media?parent=608"}],"curies":[{"name":"wp","href":"https:\/\/api.w.org\/{rel}","templated":true}]}}