{"id":2,"date":"2016-06-05T18:05:32","date_gmt":"2016-06-05T18:05:32","guid":{"rendered":"http:\/\/totaltheme.wpengine.com\/zoo\/?page_id=2"},"modified":"2020-09-09T11:31:09","modified_gmt":"2020-09-09T16:31:09","slug":"home","status":"publish","type":"page","link":"https:\/\/santafepanama.org\/es\/","title":{"rendered":"Home"},"content":{"rendered":"<div class=\"wpb-content-wrapper\"><div data-vc-full-width=\"true\" data-vc-full-width-init=\"false\" data-vc-stretch-content=\"true\" class=\"vc_row wpb_row vc_row-fluid textcenter vc_custom_1560364033947 vc_row-no-padding wpex-vc_row-has-fill wpex-vc-row-stretched no-bottom-margins tablet-fullwidth-columns\" data-ls_id=\"#welcome\" style=\"background-position:center bottom !important;\"><div class=\"wpb_column vc_column_container vc_col-sm-12\"><div class=\"vc_column-inner\"><div class=\"wpb_wrapper\"><div class=\"vcex-spacing\" style=\"height:30px\"><\/div><div class=\"vcex-spacing\" style=\"height:30px\"><\/div><div class=\"vcex-spacing\" style=\"height:30px\"><\/div><div class=\"vcex-spacing\" style=\"height:30px\"><\/div><div class=\"vcex-spacing\" style=\"height:30px\"><\/div><div class=\"vcex-spacing\" style=\"height:30px\"><\/div><div class=\"vcex-spacing\" style=\"height:30px\"><\/div><h1 class=\"vcex-module vcex-heading vcex-heading-plain vc_custom_1560364559580\" style=\"font-family:Lobster Two;font-size:36px;text-align:center;\"><span class=\"vcex-heading-inner clr\">\u00a1Bienvenido a Santa Fe, Panam\u00e1!<\/span><\/h1><div class=\"vcex-spacing\" style=\"height:30px\"><\/div><h2 style=\"font-size: 22px;text-align: center;font-family:Muli;font-weight:;font-style:\" class=\"vc_custom_heading vc_do_custom_heading\" >Magn\u00edfico entorno. Excelente hospedaje. Buena comida.<\/h2><div class=\"vcex-spacing\" style=\"height:30px\"><\/div><div class=\"vcex-spacing\" style=\"height:30px\"><\/div><div class=\"vcex-spacing\" style=\"height:30px\"><\/div><div class=\"vcex-spacing\" style=\"height:30px\"><\/div><\/div><\/div><\/div><\/div><div class=\"vc_row-full-width vc_clearfix\"><\/div><div data-vc-full-width=\"true\" data-vc-full-width-init=\"false\" data-vc-stretch-content=\"true\" class=\"vc_row wpb_row vc_row-fluid vc_custom_1596310199438 wpex-vc_row-has-fill wpex-vc-row-stretched\"><div class=\"wpb_column vc_column_container vc_col-sm-12\"><div class=\"vc_column-inner\"><div class=\"wpb_wrapper\"><div class=\"vcex-spacing\" style=\"height:30px\"><\/div><h2 style=\"font-size: 30px;color: #000000;text-align: center;font-family:Muli;font-weight:300;font-style:normal\" class=\"vc_custom_heading vc_do_custom_heading\" >Santa Fe cuenta con 80km de playa y el Parque Nacional Santa Fe<\/h2><\/div><\/div><\/div><\/div><div class=\"vc_row-full-width vc_clearfix\"><\/div><div data-vc-full-width=\"true\" data-vc-full-width-init=\"false\" data-vc-stretch-content=\"true\" class=\"vc_row wpb_row vc_row-fluid vc_row-no-padding wpex-vc-row-stretched\"><div class=\"wpb_column vc_column_container vc_col-sm-12 wpex-vc_col-has-fill\"><div class=\"vc_column-inner vc_custom_1476659146056\"><div class=\"wpb_wrapper\"><div class=\"vcex-module vcex-image-grid wpex-row wpex-clr grid-style-default gap-5\"><div class=\"id-65 vcex-image-grid-entry span_1_of_4 col col-1\"><figure class=\"vcex-image-grid-entry-figure wpex-clr\"><div class=\"vcex-image-grid-entry-img wpex-clr\"><a href=\"https:\/\/santafepanama.org\/es\/santa-fe-national-park\/\" class=\"vcex-image-grid-entry-img\"><img loading=\"lazy\" decoding=\"async\" alt=\"Explore The National Park\" src=\"https:\/\/santafepanama.org\/wp-content\/uploads\/2018\/07\/IMG_20180607_120143-e1531604162886-490x340.jpg\" data-no-retina width=\"490\" height=\"340\" \/><\/a><\/div><figcaption class=\"vcex-image-grid-entry-title\"><h2 style=\"color:#ffffff;font-weight:700;font-family:Muli;\" class=\"entry-title\">Explore Parque Nacional Santa Fe<\/h2><\/figcaption><\/figure><\/div><div class=\"id-237 vcex-image-grid-entry span_1_of_4 col col-2\"><figure class=\"vcex-image-grid-entry-figure wpex-clr\"><div class=\"vcex-image-grid-entry-img wpex-clr\"><img loading=\"lazy\" decoding=\"async\" alt=\"Explore The Coast\" src=\"https:\/\/santafepanama.org\/wp-content\/uploads\/2019\/06\/Calovebora-490x340.jpg\" data-no-retina width=\"490\" height=\"340\" \/><\/div><figcaption class=\"vcex-image-grid-entry-title\"><h2 style=\"color:#ffffff;font-weight:700;font-family:Muli;\" class=\"entry-title\">Explore la Playa<\/h2><\/figcaption><\/figure><\/div><div class=\"id-197 vcex-image-grid-entry span_1_of_4 col col-3\"><figure class=\"vcex-image-grid-entry-figure wpex-clr\"><div class=\"vcex-image-grid-entry-img wpex-clr\"><a href=\"https:\/\/santafepanama.org\/es\/coffee-other-produce\/\" class=\"vcex-image-grid-entry-img\"><img loading=\"lazy\" decoding=\"async\" alt=\"Visit Our Farms\" src=\"https:\/\/santafepanama.org\/wp-content\/uploads\/2019\/06\/Coffee-490x340.png\" data-no-retina width=\"490\" height=\"340\" \/><\/a><\/div><figcaption class=\"vcex-image-grid-entry-title\"><h2 style=\"color:#ffffff;font-weight:700;font-family:Muli;\" class=\"entry-title\">Visita nuestras fincas<\/h2><\/figcaption><\/figure><\/div><div class=\"id-198 vcex-image-grid-entry span_1_of_4 col col-4\"><figure class=\"vcex-image-grid-entry-figure wpex-clr\"><div class=\"vcex-image-grid-entry-img wpex-clr\"><a href=\"http:\/\/santafepanama.org\/es\/hikes-in-santa-fe-veraguas\/\" class=\"vcex-image-grid-entry-img\"><img loading=\"lazy\" decoding=\"async\" alt=\"Our Village\" src=\"https:\/\/santafepanama.org\/wp-content\/uploads\/2019\/06\/RuralLife-490x340.png\" data-no-retina width=\"490\" height=\"340\" \/><\/a><\/div><figcaption class=\"vcex-image-grid-entry-title\"><h2 style=\"color:#ffffff;font-weight:700;font-family:Muli;\" class=\"entry-title\">Nuestro pueblo<\/h2><\/figcaption><\/figure><\/div><\/div><\/div><\/div><\/div><\/div><div class=\"vc_row-full-width vc_clearfix\"><\/div><div data-vc-full-width=\"true\" data-vc-full-width-init=\"false\" class=\"vc_row wpb_row vc_row-fluid vc_custom_1595690877971 wpex-vc_row-has-fill typography-black wpex-vc-row-stretched\" data-ls_id=\"#visit\"><div class=\"wpb_column vc_column_container vc_col-sm-12\"><div class=\"vc_column-inner\"><div class=\"wpb_wrapper\"><div class=\"vcex-spacing hidden-phone\" style=\"height:45px\"><\/div><h2 class=\"vcex-module vcex-heading vcex-heading-plain vc_custom_1595888560822\" style=\"color:#000000;font-family:Muli;font-size:32px;text-align:center;\"><span class=\"vcex-heading-inner clr\">Que hacer en Santa Fe<\/span><\/h2>\n\t<div style=\"color:#000000;font-family:Muli;font-size:17px;\" class=\"wpb_text_column has-custom-color wpb_content_element\" >\n\t\t<div class=\"wpb_wrapper\">\n\t\t\t<p>Santa Fe es un <strong>pueblo peque\u00f1o y aut\u00e9ntico<\/strong> ubicado en las tierras altas de Panam\u00e1, rodeado por la selva tropical del Parque Nacional Santa Fe al norte y la Comarca de <strong>Ngabe <\/strong>al oeste. En las lomas alrededor del pueblo, fincas familiares con <strong>cafetales<\/strong> participan en la Cooperativa de Caf\u00e9 de Santa Fe.<\/p>\n<p>El pueblo en s\u00ed es una de las comunidades m\u00e1s antiguas de Panam\u00e1, fundada en 1557 por el Capit\u00e1n Francisco V\u00e1squez, para apoyar la extensa miner\u00eda de oro en la costa. El <strong>sendero hist\u00f3rico<\/strong> <strong>en Chilagre<\/strong>, sigue el r\u00edo Santa Mar\u00eda a trav\u00e9s del Parque Nacional de Santa Fe hasta las minas abandonadas.<\/p>\n<p>Existen comunidades pequenas y tradicionales en las lomas cerca de Santa Fe.  Est\u00e1n conectadas por caminos y senderos 4 \u00d7 4. Explorar estos caminos rurales a pie o a caballo es una forma fant\u00e1stica de explorar el area y disfrutar de los paisajes de monta\u00f1a. El tercer r\u00edo m\u00e1s largo de Panam\u00e1<strong>, R\u00edo Santa Mar\u00eda, <\/strong>fluye por el pueblo de Santa Fe, con hermosos lugares para nadar y banarse.<\/p>\n<p><strong>Parque Nacional Santa Fe<\/strong> rodea el pueblo, cubriendo m\u00e1s de 700 kil\u00f3metros cuadrados de <strong>bosque primaria<\/strong>con decenas de cascadas y cientos de especies de aves, mariposas y orqu\u00eddeas, y a\u00fan m\u00e1s por descubrir! <a href=\"http:\/\/santafepanama.org\/es\/hikes-in-santa-fe-veraguas\/\">Trekking<\/a> a la cima de <strong>Cerro Mariposa<\/strong> y <strong>Cerro Tute<\/strong>y <a href=\"http:\/\/santafepanama.org\/es\/waterfalls-in-santa-fe-veraguas\/\">explorando cascadas<\/a> de <strong>Bermejo, Alto de Piedra<\/strong>, y el trekking en areas apartados son hermosos destinos dentro del parque. Fuera del Parque Nacional, cascadas impresionantes incluyen <strong>Golondrinas <\/strong>Falls, una serie de peque\u00f1as pero encantadoras ca\u00eddas en la comunidad de <strong>El Salto<\/strong>y <strong>El Chorrillon<\/strong>, al sur.<\/p>\n<p>Siguiendo el 33, norte por una hora, cruzara el Parque Nacional Santa Fe y entrara en el parque mas nuevo en Panama - Parque Nacional Hector Gallegos.  No hay facilidades en el parque, pero se puede gozar las vistas.<\/p>\n<p>Al final de la ruta 33, en la costa de Santa Fe, llegara a las <strong><a href=\"http:\/\/santafepanama.org\/es\/places-to-explore\/\">playas del caribe<\/a><\/strong><\/p>\n\n\t\t<\/div>\n\t<\/div>\n<\/div><\/div><\/div><\/div><div class=\"vc_row-full-width vc_clearfix\"><\/div><div class=\"vc_row wpb_row vc_row-fluid\" data-ls_id=\"#tours\"><div class=\"wpb_column vc_column_container vc_col-sm-12\"><div class=\"vc_column-inner\"><div class=\"wpb_wrapper\"><div class=\"vcex-spacing hidden-phone\" style=\"height:45px\"><\/div><h2 class=\"vcex-module vcex-heading vcex-heading-plain vc_custom_1595888583192\" style=\"font-family:Muli;font-size:28px;text-align:center;\"><span class=\"vcex-heading-inner clr\">Esenciales: hoteles, comida, actividades, transporte<\/span><\/h2>\n\t<div style=\"color:#000000;font-family:Muli;font-size:17px;\" class=\"wpb_text_column has-custom-color wpb_content_element\" >\n\t\t<div class=\"wpb_wrapper\">\n\t\t\t<p style=\"text-align: center;\">\u00bfQuiere saber d\u00f3nde alojarse, comer o incluso comprar bienes ra\u00edces? Echa un vistazo a las organizaciones participantes.<\/p>\n<p><span data-mce-type=\"bookmark\" style=\"display: inline-block; width: 0px; overflow: hidden; line-height: 0;\" class=\"mce_SELRES_start\"><\/span><\/p>\n\n\t\t<\/div>\n\t<\/div>\n<\/div><\/div><\/div><\/div><div data-vc-full-width=\"true\" data-vc-full-width-init=\"false\" data-vc-stretch-content=\"true\" class=\"vc_row wpb_row vc_row-fluid vc_row-no-padding wpex-vc-row-stretched\"><div class=\"wpb_column vc_column_container vc_col-sm-12 wpex-vc_col-has-fill\"><div class=\"vc_column-inner vc_custom_1476659146056\"><div class=\"wpb_wrapper\"><div class=\"vcex-module vcex-image-grid wpex-row wpex-clr grid-style-default gap-5\"><div class=\"id-134 vcex-image-grid-entry span_1_of_4 col col-1\"><figure class=\"vcex-image-grid-entry-figure wpex-clr\"><div class=\"vcex-image-grid-entry-img wpex-clr\"><img loading=\"lazy\" decoding=\"async\" alt=\"Food\" src=\"https:\/\/santafepanama.org\/wp-content\/uploads\/2018\/07\/cafe_dorado09-15323584399961-490x340.jpg\" data-no-retina width=\"490\" height=\"340\" \/><\/div><figcaption class=\"vcex-image-grid-entry-title\"><h2 style=\"color:#ffffff;text-transform:capitalize;font-weight:600;font-family:Muli;\" class=\"entry-title\">Comida<\/h2><\/figcaption><\/figure><\/div><div class=\"id-501 vcex-image-grid-entry span_1_of_4 col col-2\"><figure class=\"vcex-image-grid-entry-figure wpex-clr\"><div class=\"vcex-image-grid-entry-img wpex-clr\"><a href=\"https:\/\/santafepanama.org\/es\/hotels\/\" class=\"vcex-image-grid-entry-img\"><img loading=\"lazy\" decoding=\"async\" alt=\"Lodging\" src=\"https:\/\/santafepanama.org\/wp-content\/uploads\/2019\/08\/ET2A7109-490x340.jpg\" data-rjs=\"https:\/\/santafepanama.org\/wp-content\/uploads\/2019\/08\/ET2A7109-490x340@2x.jpg\" width=\"490\" height=\"340\" \/><\/a><\/div><figcaption class=\"vcex-image-grid-entry-title\"><h2 style=\"color:#ffffff;text-transform:capitalize;font-weight:600;font-family:Muli;\" class=\"entry-title\">Alojamiento<\/h2><\/figcaption><\/figure><\/div><div class=\"id-201 vcex-image-grid-entry span_1_of_4 col col-3\"><figure class=\"vcex-image-grid-entry-figure wpex-clr\"><div class=\"vcex-image-grid-entry-img wpex-clr\"><a href=\"http:\/\/santafepanama.org\/es\/area-activities\/\" class=\"vcex-image-grid-entry-img\"><img loading=\"lazy\" decoding=\"async\" alt=\"Activities\" src=\"https:\/\/santafepanama.org\/wp-content\/uploads\/2019\/06\/treks-490x340.png\" data-no-retina width=\"490\" height=\"340\" \/><\/a><\/div><figcaption class=\"vcex-image-grid-entry-title\"><h2 style=\"color:#ffffff;text-transform:capitalize;font-weight:600;font-family:Muli;\" class=\"entry-title\">Actividades<\/h2><\/figcaption><\/figure><\/div><div class=\"id-344 vcex-image-grid-entry span_1_of_4 col col-4\"><figure class=\"vcex-image-grid-entry-figure wpex-clr\"><div class=\"vcex-image-grid-entry-img wpex-clr\"><img loading=\"lazy\" decoding=\"async\" alt=\"Places\" src=\"https:\/\/santafepanama.org\/wp-content\/uploads\/2019\/07\/LogoLicious_20190710_172732-490x340.jpg\" data-no-retina width=\"490\" height=\"340\" \/><\/div><figcaption class=\"vcex-image-grid-entry-title\"><h2 style=\"color:#ffffff;text-transform:capitalize;font-weight:600;font-family:Muli;\" class=\"entry-title\">Lugares<\/h2><\/figcaption><\/figure><\/div><\/div><\/div><\/div><\/div><\/div><div class=\"vc_row-full-width vc_clearfix\"><\/div><div class=\"vc_row wpb_row vc_row-fluid vc_custom_1533748294087 vc_row-o-content-middle vc_row-flex\" data-ls_id=\"#membership\"><div class=\"wpb_column vc_column_container vc_col-sm-6\"><div class=\"vc_column-inner\"><div class=\"wpb_wrapper\">\n\t<div  class=\"wpb_single_image wpb_content_element vc_align_center wpb_content_element\">\n\t\t\n\t\t<figure class=\"wpb_wrapper vc_figure\">\n\t\t\t<div class=\"vc_single_image-wrapper   vc_box_border_grey\"><img loading=\"lazy\" decoding=\"async\" width=\"300\" height=\"202\" src=\"https:\/\/santafepanama.org\/wp-content\/uploads\/2018\/08\/LOGOCAMARA-300x202.png\" class=\"vc_single_image-img attachment-medium\" alt=\"\" title=\"LOGOCAMARA\" \/><\/div>\n\t\t<\/figure>\n\t<\/div>\n<\/div><\/div><\/div><div class=\"wpb_column vc_column_container vc_col-sm-6\"><div class=\"vc_column-inner\"><div class=\"wpb_wrapper\"><div class=\"vcex-module vcex-heading vcex-heading-bottom-border-w-color vc_custom_1595888526543\" style=\"font-family:Muli;font-size:24px;\"><span class=\"vcex-heading-inner clr\" style=\"border-color:#a5c645;\"><span class=\"vcex-icon-wrap vcex-icon-position-left\"><span class=\"fa fa-user-plus\"><\/span><\/span>Quienes somos<\/span><\/div>\n\t<div style=\"color:#000000;font-family:Muli;font-size:17px;\" class=\"wpb_text_column has-custom-color wpb_content_element\" >\n\t\t<div class=\"wpb_wrapper\">\n\t\t\t<p>Somos la C\u00e1mara de Turismo del Distrito de Santa Fe, compuesta por 60 miembros, incluidos propietarios y representantes de restaurantes locales, hoteles, servicios de gu\u00edas, escuelas y otras partes interesadas. Nuestro objetivo es promover el turismo en el \u00e1rea y supervisar el desarrollo del turismo, garantizar que lo que sea bueno para los negocios sea bueno para la comunidad y asegurarnos de que hablemos con una sola voz cuando sea importante. Recibimos reconocimiento legal en 2018.<\/p>\n<p><strong>Un recurso: <a href=\"http:\/\/santafepanama.org\/es\/media-kit\/\">MEDIA KIT<\/a><\/strong><\/p>\n<p><strong>JUNTA DIRECTIVA 2018-2020<\/strong><\/p>\n<div class=\"vcex-module vcex-list_item clr\">\n<ul>\n<li class=\"vcex-content\">Presidente, Celestino Montes (Coffee Mountain Inn &amp; Tours), 6988-0921<\/li>\n<\/ul>\n<\/div>\n<div class=\"vcex-module vcex-list_item clr\">\n<ul>\n<li>Vicepresidente, Jose Palavacini (Hotel Santa Fe), 6836-9286<\/li>\n<\/ul>\n<\/div>\n<div class=\"vcex-module vcex-list_item clr\">\n<ul>\n<li class=\"vcex-content\">Secretaria, Rosinda Rodr\u00edguez (Fonda Rocio), 6500-8297<\/li>\n<\/ul>\n<\/div>\n<div class=\"vcex-module vcex-list_item clr\">\n<ul>\n<li class=\"vcex-content\">Tesorera, Albertina de Castrell\u00f3n (Naturarte), 6566-4387<\/li>\n<\/ul>\n<\/div>\n<div class=\"vcex-module vcex-list_item clr\">\n<ul>\n<li class=\"vcex-content\">Fiscal, Alcida Sol\u00eds (Alto de Piedra Caba\u00f1as y Turicentro), 6873-1248<\/li>\n<\/ul>\n<\/div>\n<div class=\"vcex-module vcex-list_item clr\">\n<ul>\n<li class=\"vcex-content\">Vocal, Ricardo Herrera (Hostal Rainforest Yasmin), 6738-3010<\/li>\n<\/ul>\n<\/div>\n<div class=\"vcex-module vcex-list_item clr\">\n<ul>\n<li class=\"vcex-content\">Vocal, Arquimides Pinto (Cafe Dorado), 6849-3465<\/li>\n<\/ul>\n<\/div>\n<p><em><strong>\u00bfQu\u00e9 hemos hecho?<\/strong><\/em><\/p>\n<p>Durante el a\u00f1o pasado, hemos creado un sitio web p\u00fablico: santafepanama.org<\/p>\n<p>Hemos solicitado, planeado y recibido o ejecutado:<\/p>\n<ul>\n<li>Se\u00f1ales direccionales en Santiago, que muestran d\u00f3nde est\u00e1 el desv\u00edo de la autopista hacia Santa Fe. (Financiado por ATP)<\/li>\n<li>Se\u00f1ales informativas para destinos locales (financiado por ATP)<\/li>\n<li>Se\u00f1ales de senderos para 19 senderos locales y \u00e1reas de nataci\u00f3n (autofinanciadas)<\/li>\n<li>A Parador Fotografo en Santa Fe (Financiado por ATP y Municipio)<\/li>\n<\/ul>\n<p>Hemos co-solicitado un cajero autom\u00e1tico e internet DSL, ambos se est\u00e1n instalando este a\u00f1o para la comunidad.<\/p>\n<p>Inici\u00f3 cuatro limpiezas de basura en toda la comunidad y limpieza y mantenimiento de pozas y dos senderos.<\/p>\n<p>Iniciado, financiado y actualmente gestionando proyecto de embellecimiento, plantando a lo largo de la entrada a la ciudad de Santa Fe.<\/p>\n<p><span data-mce-type=\"bookmark\" style=\"display: inline-block; width: 0px; overflow: hidden; line-height: 0;\" class=\"mce_SELRES_start\"><\/span><\/p>\n\n\t\t<\/div>\n\t<\/div>\n<div class=\"vcex-spacing\" style=\"height:20px\"><\/div><a href=\"mailto:camaradeturismodesantafe@gmail.com\" title=\"Cont\u00e1ctenos\" class=\"vcex-button theme-button medium inline animate-on-hover\" target=\"_blank\" style=\"background:#a5c645;letter-spacing:1px;\" data-wpex-hover='{\"background\":\"#8db23e\"}'><span class=\"theme-button-inner\">Cont\u00e1ctenos<\/span><\/a> <\/div><\/div><\/div><\/div><div data-vc-full-width=\"true\" data-vc-full-width-init=\"false\" class=\"vc_row wpb_row vc_row-fluid vc_custom_1533751361312 wpex-vc_row-has-fill wpex-vc-row-stretched\" data-ls_id=\"#sponsorship\"><div class=\"wpb_column vc_column_container vc_col-sm-12\"><div class=\"vc_column-inner\"><div class=\"wpb_wrapper\"><div class=\"vcex-module vcex-heading vcex-heading-plain\" style=\"color:#ffffff;font-family:Muli;font-size:28px;font-weight:700;text-align:center;\"><span class=\"vcex-heading-inner clr\">Explore Santa Fe, Veraguas<\/span><\/div><\/div><\/div><\/div><\/div><div class=\"vc_row-full-width vc_clearfix\"><\/div><div class=\"vc_row wpb_row vc_row-fluid\"><div class=\"wpb_column vc_column_container vc_col-sm-12\"><div class=\"vc_column-inner\"><div class=\"wpb_wrapper\"><\/div><\/div><\/div><\/div>\n<\/div>","protected":false},"excerpt":{"rendered":"","protected":false},"author":1,"featured_media":0,"parent":0,"menu_order":0,"comment_status":"closed","ping_status":"closed","template":"","meta":{"footnotes":""},"class_list":["post-2","page","type-page","status-publish","hentry","entry","no-media"],"_links":{"self":[{"href":"https:\/\/santafepanama.org\/es\/wp-json\/wp\/v2\/pages\/2","targetHints":{"allow":["GET"]}}],"collection":[{"href":"https:\/\/santafepanama.org\/es\/wp-json\/wp\/v2\/pages"}],"about":[{"href":"https:\/\/santafepanama.org\/es\/wp-json\/wp\/v2\/types\/page"}],"author":[{"embeddable":true,"href":"https:\/\/santafepanama.org\/es\/wp-json\/wp\/v2\/users\/1"}],"replies":[{"embeddable":true,"href":"https:\/\/santafepanama.org\/es\/wp-json\/wp\/v2\/comments?post=2"}],"version-history":[{"count":6,"href":"https:\/\/santafepanama.org\/es\/wp-json\/wp\/v2\/pages\/2\/revisions"}],"predecessor-version":[{"id":624,"href":"https:\/\/santafepanama.org\/es\/wp-json\/wp\/v2\/pages\/2\/revisions\/624"}],"wp:attachment":[{"href":"https:\/\/santafepanama.org\/es\/wp-json\/wp\/v2\/media?parent=2"}],"curies":[{"name":"wp","href":"https:\/\/api.w.org\/{rel}","templated":true}]}}