{"id":207,"date":"2019-06-21T10:42:15","date_gmt":"2019-06-21T15:42:15","guid":{"rendered":"http:\/\/santafepanama.org\/?page_id=207"},"modified":"2025-02-26T14:24:30","modified_gmt":"2025-02-26T19:24:30","slug":"places-to-explore","status":"publish","type":"page","link":"https:\/\/santafepanama.org\/es\/places-to-explore\/","title":{"rendered":"Lugares para explorar"},"content":{"rendered":"<div class=\"wpb-content-wrapper\"><div class=\"vc_row wpb_row vc_row-fluid\"><div class=\"wpb_column vc_column_container vc_col-sm-2\/5\"><div class=\"vc_column-inner\"><div class=\"wpb_wrapper\">\n\t<div  class=\"wpb_single_image wpb_content_element vc_align_ wpb_content_element\">\n\t\t\n\t\t<figure class=\"wpb_wrapper vc_figure\">\n\t\t\t<div class=\"vc_single_image-wrapper   vc_box_border_grey\"><img loading=\"lazy\" decoding=\"async\" width=\"988\" height=\"982\" src=\"https:\/\/santafepanama.org\/wp-content\/uploads\/2019\/06\/SFNP.jpg\" class=\"vc_single_image-img attachment-full\" alt=\"\" title=\"SFNP\" \/><\/div>\n\t\t<\/figure>\n\t<\/div>\n<\/div><\/div><\/div><div class=\"wpb_column vc_column_container vc_col-sm-3\/5\"><div class=\"vc_column-inner\"><div class=\"wpb_wrapper\"><h2 style=\"text-align: left;font-family:Lobster Two;font-weight:700;font-style:normal\" class=\"vc_custom_heading vc_do_custom_heading\" >Parque Nacional Santa Fe<\/h2>\n\t<div class=\"wpb_text_column wpb_content_element\" >\n\t\t<div class=\"wpb_wrapper\">\n\t\t\t<p><strong>Parque Nacional Santa Fe<\/strong> o <em>Parque Nacional Santa Fe<\/em> es un \u00e1rea diversa remota, hermosa y biol\u00f3gica unica en el centro de Panam\u00e1. Protege m\u00e1s de 700 kil\u00f3metros cuadrados de las selvas tropicales m\u00e1s v\u00edrgenes de Am\u00e9rica Central. El parque ofrece <strong>h\u00e1bitat y cooridores biol\u00f3gico<\/strong> para especies protegidas, end\u00e9micas, amenazadas y en peligro de extincion.<\/p>\n<p>Es el \u00fanico parque nacional formado en Panam\u00e1 porque nosotros, las comunidades locales alrededor del parque, solicitamos la protecci\u00f3n de la tierra.<\/p>\n<p><strong>Asi, le gustaria conocer el parque?  Nosotros apoyamos turismo sostenible adentro del parque que conserva la naturaleza.<\/strong><\/p>\n<p>Formas clave para explorar al parque:<\/p>\n<ol>\n<li>Conduzca por el brazo m\u00e1s estrecho del parque en el <strong>Carretera panor\u00e1mica que viaje desde Santa Fe hacia Guabal, y visite la oficina del Parque Nacional, <\/strong>su sendero corto, y el <strong>Mirador<br \/>\n<\/strong><\/li>\n<li>Camina el Sendero de <strong>Cerro Tute<\/strong> con sus paisajes abiertos y vistas panor\u00e1micas<\/li>\n<li>Camina el Sendero de <strong>Cerro Mariposa<\/strong> con su densa selva tropical<\/li>\n<li>Visitar<strong> Bermejo, Loma Grande<\/strong> o <strong>Cataratas del Alto de Piedra<\/strong><\/li>\n<li>Caminar el <strong>Sendero Hist\u00f3rico Chilagre<\/strong><\/li>\n<li>Tome una caminata guiada hacia el <strong>Areas Remotas del Parque Nacional Santa Fe<\/strong><\/li>\n<li>Cerca del parque, camine el <strong>Sendero de los Tucanes<\/strong> para una experiencia accesible en el parque.<\/li>\n<\/ol>\n\n\t\t<\/div>\n\t<\/div>\n<\/div><\/div><\/div><\/div><div class=\"vc_row wpb_row vc_row-fluid\"><div class=\"wpb_column vc_column_container vc_col-sm-2\/5\"><div class=\"vc_column-inner\"><div class=\"wpb_wrapper\">\n\t<div  class=\"wpb_single_image wpb_content_element vc_align_ wpb_content_element\">\n\t\t\n\t\t<figure class=\"wpb_wrapper vc_figure\">\n\t\t\t<div class=\"vc_single_image-wrapper   vc_box_border_grey\"><img loading=\"lazy\" decoding=\"async\" width=\"969\" height=\"959\" src=\"https:\/\/santafepanama.org\/wp-content\/uploads\/2019\/06\/RURALAREA.jpg\" class=\"vc_single_image-img attachment-full\" alt=\"\" title=\"RURALAREA\" \/><\/div>\n\t\t<\/figure>\n\t<\/div>\n<\/div><\/div><\/div><div class=\"wpb_column vc_column_container vc_col-sm-3\/5\"><div class=\"vc_column-inner\"><div class=\"wpb_wrapper\"><h2 style=\"text-align: left;font-family:Lobster Two;font-weight:700;font-style:normal\" class=\"vc_custom_heading vc_do_custom_heading\" >\u00c1rea del pueblo de Santa Fe<\/h2>\n\t<div class=\"wpb_text_column wpb_content_element\" >\n\t\t<div class=\"wpb_wrapper\">\n\t\t\t<p><strong>El Pueblo de Santa Fe <\/strong>es la capital del distrito de Santa Fe, que se extiende desde los valles antes de la ciudad hasta el Caribe. Nos limita la comarca ind\u00edgena de los Ngabe al oeste y el Parque Nacional Omar Torrijos al este.<\/p>\n<p>Las comunidades dentro de Santa Fe son agr\u00edcolas. Somos uno de los pocos lugares en Panam\u00e1 donde se cultiva caf\u00e9 y c\u00edtricos.<\/p>\n<p>Nuestro pueblo esta muy cerca a la cabecera del r\u00edo Santa Mar\u00eda, uno de los r\u00edos m\u00e1s largos de Panam\u00e1.<\/p>\n<p>En Santa Fe, a\u00fan hay m\u00e1s personas que viajan a caballo que en carro. Se pueden encontrar grupos formales e informales de artesanos y productores de orqu\u00eddeas.<\/p>\n<p>Ideas para explorar el pueblo de Santa Fe:<\/p>\n<ol>\n<li><strong>Aprenda m\u00e1s sobre el caf\u00e9 o la agricultura.<br \/>\n<\/strong><\/li>\n<li>Ir a nadar o darse un ba\u00f1o en el\u00a0 <strong>Rio Santa Maria<\/strong> o sus afluentes<\/li>\n<li>Ir a un <strong>Paseo a caballo<\/strong> por caminos rurales.<\/li>\n<li>Visitar<strong> El Mercadito<\/strong> Un mercado de agricultores y artesanos, cerca del centro del pueblo. Abierto todos los d\u00edas de 8 a.m. a 5 p.m.<\/li>\n<li>Da un paseo y visita <strong>Puentes Colgantes Peatonales<br \/>\n<\/strong><\/li>\n<\/ol>\n\n\t\t<\/div>\n\t<\/div>\n<\/div><\/div><\/div><\/div><div class=\"vc_row wpb_row vc_row-fluid\"><div class=\"wpb_column vc_column_container vc_col-sm-2\/5\"><div class=\"vc_column-inner\"><div class=\"wpb_wrapper\">\n\t<div  class=\"wpb_single_image wpb_content_element vc_align_ wpb_content_element\">\n\t\t\n\t\t<figure class=\"wpb_wrapper vc_figure\">\n\t\t\t<div class=\"vc_single_image-wrapper   vc_box_border_grey\"><img loading=\"lazy\" decoding=\"async\" width=\"968\" height=\"961\" src=\"https:\/\/santafepanama.org\/wp-content\/uploads\/2019\/06\/CALOVEBORA.jpg\" class=\"vc_single_image-img attachment-full\" alt=\"\" title=\"CALOVEBORA\" \/><\/div>\n\t\t<\/figure>\n\t<\/div>\n<\/div><\/div><\/div><div class=\"wpb_column vc_column_container vc_col-sm-3\/5\"><div class=\"vc_column-inner\"><div class=\"wpb_wrapper\"><h2 style=\"text-align: left;font-family:Lobster Two;font-weight:700;font-style:normal\" class=\"vc_custom_heading vc_do_custom_heading\" >Visita las playas de Calovebora<\/h2>\n\t<div class=\"wpb_text_column wpb_content_element\" >\n\t\t<div class=\"wpb_wrapper\">\n\t\t\t<p><strong>Calovebora <\/strong>es un pueblo en el Caribe, adentro de nuestro distrito.  Toma 1.5 hrs para llegar en carro.<\/p>\n\n\t\t<\/div>\n\t<\/div>\n<\/div><\/div><\/div><\/div><div class=\"vc_row wpb_row vc_row-fluid\"><div class=\"wpb_column vc_column_container vc_col-sm-12\"><div class=\"vc_column-inner\"><div class=\"wpb_wrapper\"><\/div><\/div><\/div><\/div><div class=\"vc_row wpb_row vc_row-fluid\"><div class=\"wpb_column vc_column_container vc_col-sm-2\/5\"><div class=\"vc_column-inner\"><div class=\"wpb_wrapper\">\n\t<div  class=\"wpb_single_image wpb_content_element vc_align_ wpb_content_element\">\n\t\t\n\t\t<figure class=\"wpb_wrapper vc_figure\">\n\t\t\t<div class=\"vc_single_image-wrapper   vc_box_border_grey\"><img loading=\"lazy\" decoding=\"async\" width=\"1126\" height=\"1125\" src=\"https:\/\/santafepanama.org\/wp-content\/uploads\/2019\/06\/LomaGrande.jpg\" class=\"vc_single_image-img attachment-full\" alt=\"\" title=\"LomaGrande\" \/><\/div>\n\t\t<\/figure>\n\t<\/div>\n<\/div><\/div><\/div><div class=\"wpb_column vc_column_container vc_col-sm-3\/5\"><div class=\"vc_column-inner\"><div class=\"wpb_wrapper\"><h2 style=\"text-align: left;font-family:Lobster Two;font-weight:700;font-style:normal\" class=\"vc_custom_heading vc_do_custom_heading\" >Road Trip: Treinta y Tres Paradas en Ruta 33<\/h2>\n\t<div class=\"wpb_text_column wpb_content_element\" >\n\t\t<div class=\"wpb_wrapper\">\n\t\t\t<p><strong>Ruta 33\u00a0<\/strong>extiende 100km desde Santiago hasta el Caribe, pasando por Santa Fe.  Mira 33 sugerencias de paradas en ruta 33 por un viaje inolvidable.<\/p>\n\n\t\t<\/div>\n\t<\/div>\n<\/div><\/div><\/div><\/div>\n<\/div>","protected":false},"excerpt":{"rendered":"Santa Fe National Park Santa Fe National Park or Parque Nacional Santa Fe is a remote, beautiful, and biological diverse area in central Panama, protecting over 700sq km of some of the most pristine primary tropical rainforest in Central America.&hellip;","protected":false},"author":1,"featured_media":0,"parent":0,"menu_order":0,"comment_status":"closed","ping_status":"closed","template":"","meta":{"footnotes":""},"class_list":["post-207","page","type-page","status-publish","hentry","entry","no-media"],"_links":{"self":[{"href":"https:\/\/santafepanama.org\/es\/wp-json\/wp\/v2\/pages\/207","targetHints":{"allow":["GET"]}}],"collection":[{"href":"https:\/\/santafepanama.org\/es\/wp-json\/wp\/v2\/pages"}],"about":[{"href":"https:\/\/santafepanama.org\/es\/wp-json\/wp\/v2\/types\/page"}],"author":[{"embeddable":true,"href":"https:\/\/santafepanama.org\/es\/wp-json\/wp\/v2\/users\/1"}],"replies":[{"embeddable":true,"href":"https:\/\/santafepanama.org\/es\/wp-json\/wp\/v2\/comments?post=207"}],"version-history":[{"count":3,"href":"https:\/\/santafepanama.org\/es\/wp-json\/wp\/v2\/pages\/207\/revisions"}],"predecessor-version":[{"id":676,"href":"https:\/\/santafepanama.org\/es\/wp-json\/wp\/v2\/pages\/207\/revisions\/676"}],"wp:attachment":[{"href":"https:\/\/santafepanama.org\/es\/wp-json\/wp\/v2\/media?parent=207"}],"curies":[{"name":"wp","href":"https:\/\/api.w.org\/{rel}","templated":true}]}}