{"id":211,"date":"2019-06-21T09:57:34","date_gmt":"2019-06-21T14:57:34","guid":{"rendered":"http:\/\/santafepanama.org\/?page_id=211"},"modified":"2023-04-21T15:54:14","modified_gmt":"2023-04-21T20:54:14","slug":"waterfalls-in-santa-fe-veraguas","status":"publish","type":"page","link":"https:\/\/santafepanama.org\/es\/waterfalls-in-santa-fe-veraguas\/","title":{"rendered":"Waterfalls in Santa Fe, Veraguas"},"content":{"rendered":"<div class=\"wpb-content-wrapper\"><div class=\"vc_row wpb_row vc_row-fluid\"><div class=\"wpb_column vc_column_container vc_col-sm-12\"><div class=\"vc_column-inner\"><div class=\"wpb_wrapper\"><h1 style=\"font-size: 32px;text-align: left;font-family:Lobster Two;font-weight:700;font-style:normal\" class=\"vc_custom_heading vc_do_custom_heading\" >Cascadas de Santa Fe<\/h1><\/div><\/div><\/div><\/div><div class=\"vc_row wpb_row vc_row-fluid\"><div class=\"wpb_column vc_column_container vc_col-sm-12\"><div class=\"vc_column-inner\"><div class=\"wpb_wrapper\"><h2 style=\"font-size: 24px;text-align: left;font-family:Open Sans;font-weight:700;font-style:normal\" class=\"vc_custom_heading vc_do_custom_heading\" >Cascadas accesibles y p\u00fablicas en Santa Fe, Veraguas<\/h2><\/div><\/div><\/div><\/div><div class=\"vc_row wpb_row vc_row-fluid\"><div class=\"wpb_column vc_column_container vc_col-sm-2\/5\"><div class=\"vc_column-inner\"><div class=\"wpb_wrapper\">\n\t<div  class=\"wpb_single_image wpb_content_element vc_align_ wpb_content_element\">\n\t\t\n\t\t<figure class=\"wpb_wrapper vc_figure\">\n\t\t\t<div class=\"vc_single_image-wrapper   vc_box_border_grey\"><img loading=\"lazy\" decoding=\"async\" width=\"1129\" height=\"1125\" src=\"https:\/\/santafepanama.org\/wp-content\/uploads\/2019\/06\/AltodePiedra.jpg\" class=\"vc_single_image-img attachment-full\" alt=\"\" title=\"AltodePiedra\" \/><\/div>\n\t\t<\/figure>\n\t<\/div>\n<\/div><\/div><\/div><div class=\"wpb_column vc_column_container vc_col-sm-3\/5\"><div class=\"vc_column-inner\"><div class=\"wpb_wrapper\"><div class=\"vcex-module vcex-heading vcex-heading-plain\"><span class=\"vcex-heading-inner clr\">Cascadas Alto de Piedra<\/span><\/div>\n\t<div class=\"wpb_text_column wpb_content_element\" >\n\t\t<div class=\"wpb_wrapper\">\n\t\t\t<p>Conjunto de tres cataratas peque\u00f1as ubicadas en el bosque al borde del Parque Nacional Santa Fe, cerca de la comunidad de Alto de Piedra. Las cascadas son entre 10-15m de altura. Un sendero conecta las tres ca\u00eddas.<\/p>\n<p><strong>Acceso a Sendero<\/strong>: F\u00e1cil. El comienzo del sendero se encuentra en la carretera pavimentada Santa Fe-Calovebora. Un taxi desde Santa Fe cuesta $ 5-6 por trayecto.<\/p>\n<p><strong>Tiempo de caminata<\/strong>: 20 minutos de ida a la primera ca\u00edda, 1.5 horas para caminar las tres ca\u00eddas.<\/p>\n<p><strong>Distancia:<\/strong> 1km<\/p>\n<p><strong>Nivel de Dificultad<\/strong> F\u00e1cil-moderado para visitar solo la primera o tercera ca\u00edda, moderado para todos. La trocha  es peque\u00f1o y empinado, con lodo y raices para trepar.  Se les aconseja llevar ninos pequenos solo a la primera cascada, y solo para los padres intr\u00e9pidos ya que el camino es estrecho y se necesitan manos y pies para mantener el equilibrio. La conexi\u00f3n entre la primera cascada y la segunda cascada sigue el borde de una precipe. Durante la estaci\u00f3n h\u00fameda, esto puede ser muy peligroso. Las personas con limitaciones de movimiento (problemas de rodillas \/ problemas de espalda \/ equilibrio), tengan en cuenta que hay una pendiente empinada y resbaladiza.<\/p>\n\n\t\t<\/div>\n\t<\/div>\n<\/div><\/div><\/div><\/div><div class=\"vc_row wpb_row vc_row-fluid\"><div class=\"wpb_column vc_column_container vc_col-sm-2\/5\"><div class=\"vc_column-inner\"><div class=\"wpb_wrapper\">\n\t<div  class=\"wpb_single_image wpb_content_element vc_align_ wpb_content_element\">\n\t\t\n\t\t<figure class=\"wpb_wrapper vc_figure\">\n\t\t\t<div class=\"vc_single_image-wrapper   vc_box_border_grey\"><img loading=\"lazy\" decoding=\"async\" width=\"760\" height=\"1128\" src=\"https:\/\/santafepanama.org\/wp-content\/uploads\/2019\/06\/BermejoFalls.jpg\" class=\"vc_single_image-img attachment-full\" alt=\"\" title=\"BermejoFalls\" \/><\/div>\n\t\t<\/figure>\n\t<\/div>\n<\/div><\/div><\/div><div class=\"wpb_column vc_column_container vc_col-sm-3\/5\"><div class=\"vc_column-inner\"><div class=\"wpb_wrapper\"><div class=\"vcex-module vcex-heading vcex-heading-plain\"><span class=\"vcex-heading-inner clr\">Cascada Bermejo<\/span><\/div>\n\t<div class=\"wpb_text_column wpb_content_element\" >\n\t\t<div class=\"wpb_wrapper\">\n\t\t\t<p>Una cascada poderosa e impresionante, que alcanza los 35 m, en el limite del Parque Nacional Santa Fe, cerca de la comunidad de El Pantano. Un senderole llevara desde la comunidad, por tierras de cultivo al llegar a las cataratas.<\/p>\n<p><strong>Acceso a Sendero<\/strong>: F\u00e1cil-Moderado. El comienzo del sendero se encuentra en el camino de gravilla en El Pantano. Un taxi desde Santa Fe cuesta $ 5-6 por trayecto. Si no tiene un autom\u00f3vil 4 \u00d7 4, puede llegar y estacionarse 1 km del comienzo del sendero. Algunos caminan toda la distancia desde el pueblo hasta el comienzo del sendero, agregando 10 km adicionales en el viaje. Tenga en cuenta que es muy monta\u00f1oso y hay \u00e1reas con poca sombra.<\/p>\n<p><strong>Tiempo de caminata<\/strong>: 1,5 horas ida y vuelta<\/p>\n<p><strong>Distancia:<\/strong> 2.5km ida y vuelta<\/p>\n<p><strong>Nivel de Dificultad<\/strong> F\u00e1cil-Moderado El sendero es muy lodoso y se puede resbalar facilmente, pero es corto y no tiene pendientes peligrosos. Las rocas cerca de las cataratas son extremadamente resbaladizas durante todo el a\u00f1o. El sendero atraviesa una finca, y algunos tienen dificultades en seguir la ruta a trav\u00e9s de la finca. Este no es un camino f\u00e1cil de hacer con ni\u00f1os peque\u00f1os o para personas con limitaciones de movilidad o problemas de equilibrio.<\/p>\n<p>Advertencias y problemas pasados: Ha ocurrido una muerte recien de una joven local en las cataratas, que resbal\u00f3 y fue empujado por la fuerte fuerza de las cataratas. Otra turista fue sola, se perdi\u00f3 y fue atacada en la noche. Varias personas han ido y se han resbalado en las rocas, algunas de ellas con heridas graves. Algunos con problemas m\u00e9dicos han subido, pero han necesitado ayuda para salir.<\/p>\n\n\t\t<\/div>\n\t<\/div>\n<\/div><\/div><\/div><\/div><div class=\"vc_row wpb_row vc_row-fluid\"><div class=\"wpb_column vc_column_container vc_col-sm-2\/5\"><div class=\"vc_column-inner\"><div class=\"wpb_wrapper\">\n\t<div  class=\"wpb_single_image wpb_content_element vc_align_ wpb_content_element\">\n\t\t\n\t\t<figure class=\"wpb_wrapper vc_figure\">\n\t\t\t<div class=\"vc_single_image-wrapper   vc_box_border_grey\"><img loading=\"lazy\" decoding=\"async\" width=\"1135\" height=\"1128\" src=\"https:\/\/santafepanama.org\/wp-content\/uploads\/2019\/06\/Llanito-1.jpg\" class=\"vc_single_image-img attachment-full\" alt=\"\" title=\"Llanito\" \/><\/div>\n\t\t<\/figure>\n\t<\/div>\n<\/div><\/div><\/div><div class=\"wpb_column vc_column_container vc_col-sm-3\/5\"><div class=\"vc_column-inner\"><div class=\"wpb_wrapper\"><div class=\"vcex-module vcex-heading vcex-heading-plain\"><span class=\"vcex-heading-inner clr\">Llanita<\/span><\/div>\n\t<div class=\"wpb_text_column wpb_content_element\" >\n\t\t<div class=\"wpb_wrapper\">\n\t\t\t<p>Hermosa cascada, 10m de alto, 20m de ancho al lado de la carretera, justo antes de la comunidad de Guabal. En el mismo rio, hay tres cascadas. Ve con cuidado para ver los otros dos,  hay terreno privado.<\/p>\n<p><strong>Acceso a Sendero<\/strong>: F\u00e1cil. La cascada se encuentra en el camino pavimentado Santa Fe-Calovebora. Para llegar a la cascada, estacione despu\u00e9s del puente al costado del camino y camine hacia las cataratas, o camine sobre el puente para obtener vistas elevadas. \u00a1Ten cuidado! Rocas resbaladizas.<\/p>\n<p>&nbsp;<\/p>\n<p>&nbsp;<\/p>\n\n\t\t<\/div>\n\t<\/div>\n<\/div><\/div><\/div><\/div><div class=\"vc_row wpb_row vc_row-fluid\"><div class=\"wpb_column vc_column_container vc_col-sm-12\"><div class=\"vc_column-inner\"><div class=\"wpb_wrapper\"><h2 style=\"font-size: 24px;text-align: left;font-family:Open Sans;font-weight:700;font-style:normal\" class=\"vc_custom_heading vc_do_custom_heading\" >Cascadas remotas: considere una gu\u00eda<\/h2><\/div><\/div><\/div><\/div><div class=\"vc_row wpb_row vc_row-fluid\"><div class=\"wpb_column vc_column_container vc_col-sm-2\/5\"><div class=\"vc_column-inner\"><div class=\"wpb_wrapper\">\n\t<div  class=\"wpb_single_image wpb_content_element vc_align_ wpb_content_element\">\n\t\t\n\t\t<figure class=\"wpb_wrapper vc_figure\">\n\t\t\t<div class=\"vc_single_image-wrapper   vc_box_border_grey\"><img loading=\"lazy\" decoding=\"async\" width=\"1135\" height=\"1128\" src=\"https:\/\/santafepanama.org\/wp-content\/uploads\/2019\/06\/LaIsleta.jpg\" class=\"vc_single_image-img attachment-full\" alt=\"\" title=\"LaIsleta\" \/><\/div>\n\t\t<\/figure>\n\t<\/div>\n<\/div><\/div><\/div><div class=\"wpb_column vc_column_container vc_col-sm-3\/5\"><div class=\"vc_column-inner\"><div class=\"wpb_wrapper\"><div class=\"vcex-module vcex-heading vcex-heading-plain\"><span class=\"vcex-heading-inner clr\">La Isleta, Escobal, Guayabito, Bermejo Arriba (Tapir), \u00c1ngeles y otras Cataratas en el Parque Nacional de Santa Fe<\/span><\/div>\n\t<div class=\"wpb_text_column wpb_content_element\" >\n\t\t<div class=\"wpb_wrapper\">\n\t\t\t<p>Algunas de las cataratas m\u00e1s bellas de Santa Fe se encuentran en el interior del Parque Nacional de Santa Fe.<\/p>\n<p>Minimizar el impacto en el parque es esencial y garantizar la seguridad de los visitantes. Los viajes a estos lugares son dif\u00edciles y hermosos.<\/p>\n<p><b>Se necesitan gu\u00edas para cualquier caminata remota dentro del parque<\/b><\/p>\n<p>&nbsp;<\/p>\n\n\t\t<\/div>\n\t<\/div>\n<\/div><\/div><\/div><\/div><div class=\"vc_row wpb_row vc_row-fluid\"><div class=\"wpb_column vc_column_container vc_col-sm-2\/5\"><div class=\"vc_column-inner\"><div class=\"wpb_wrapper\">\n\t<div  class=\"wpb_single_image wpb_content_element vc_align_ wpb_content_element\">\n\t\t\n\t\t<figure class=\"wpb_wrapper vc_figure\">\n\t\t\t<div class=\"vc_single_image-wrapper   vc_box_border_grey\"><img loading=\"lazy\" decoding=\"async\" width=\"1126\" height=\"1125\" src=\"https:\/\/santafepanama.org\/wp-content\/uploads\/2019\/06\/LomaGrande.jpg\" class=\"vc_single_image-img attachment-full\" alt=\"\" title=\"LomaGrande\" \/><\/div>\n\t\t<\/figure>\n\t<\/div>\n<\/div><\/div><\/div><div class=\"wpb_column vc_column_container vc_col-sm-3\/5\"><div class=\"vc_column-inner\"><div class=\"wpb_wrapper\"><div class=\"vcex-module vcex-heading vcex-heading-plain\"><span class=\"vcex-heading-inner clr\">Cascada Loma Grande<\/span><\/div>\n\t<div class=\"wpb_text_column wpb_content_element\" >\n\t\t<div class=\"wpb_wrapper\">\n\t\t\t<p>Impresionante cascada de 25 metros en el Parque Nacional Santa Fe, a unos 2 km despu\u00e9s de la estaci\u00f3n de guardaparques. Un sendero empinado conecta un \u00e1rea de estacionamiento de gravilla con una cascada.<\/p>\n<p><strong>Acceso a Sendero<\/strong>: F\u00e1cil. El comienzo del sendero se encuentra en la carretera pavimentada Santa Fe-Calovebora. Sin embargo, debe descender por una empinada calle de gravilla durante unos 300 m hasta el comienzo del sendero. No se recomiendan coches m\u00e1s peque\u00f1os.<\/p>\n<p><strong>Tiempo de caminata<\/strong>: 45 minutos de ida a las cataratas<\/p>\n<p><strong>Distancia:<\/strong> 1.5km ida y vuelta<\/p>\n<p><strong>Nivel de Dificultad<\/strong> Moderado, usar\u00e1s todo tu cuerpo (brazos hasta pies) en el descenso. Sin embargo, es un camino relativamente corto. El sendero es una trocha, peque\u00f1o y empinado, irregular en algunos lugares y est\u00e1 al lado de un precipicio. Los deslizamientos de tierra y los \u00e1rboles ca\u00eddos son comunes, al igual que las serpientes venenosas, incluyendo la fer-d-lance. Los ni\u00f1os peque\u00f1os no deben hacer esta caminata. Los padres llevando ninos en cargadores no deben hacer esta caminata. Las personas con limitaciones de movimiento (problemas de rodillas \/ problemas de espalda \/ equilibrio), tengan en cuenta que hay una bajada y cuesta arriba empinada y resbaladiza.<\/p>\n<p><strong>\u00bfSe recomienda una gu\u00eda?<\/strong> Recomiendo un gu\u00eda para la mayor\u00eda de los visitantes a Loma Grande debido a las condiciones cambiantes del sendero y las consecuencias potencialmente mortales de un pie mal colocado.<\/p>\n<p>&nbsp;<\/p>\n\n\t\t<\/div>\n\t<\/div>\n<\/div><\/div><\/div><\/div><div class=\"vc_row wpb_row vc_row-fluid\"><div class=\"wpb_column vc_column_container vc_col-sm-2\/5\"><div class=\"vc_column-inner\"><div class=\"wpb_wrapper\">\n\t<div  class=\"wpb_single_image wpb_content_element vc_align_ wpb_content_element\">\n\t\t\n\t\t<figure class=\"wpb_wrapper vc_figure\">\n\t\t\t<div class=\"vc_single_image-wrapper   vc_box_border_grey\"><img loading=\"lazy\" decoding=\"async\" width=\"843\" height=\"1125\" src=\"https:\/\/santafepanama.org\/wp-content\/uploads\/2019\/06\/Chorrillon.jpg\" class=\"vc_single_image-img attachment-full\" alt=\"\" title=\"Chorrillon\" \/><\/div>\n\t\t<\/figure>\n\t<\/div>\n<\/div><\/div><\/div><div class=\"wpb_column vc_column_container vc_col-sm-3\/5\"><div class=\"vc_column-inner\"><div class=\"wpb_wrapper\"><div class=\"vcex-module vcex-heading vcex-heading-plain\"><span class=\"vcex-heading-inner clr\">El Chorrillo<\/span><\/div>\n\t<div class=\"wpb_text_column wpb_content_element\" >\n\t\t<div class=\"wpb_wrapper\">\n\t\t\t<p>Una de las cascadas m\u00e1s alta del distrito, con una caida de m\u00e1s de 100 metros.  Sin embargo, esta ubicada en las de tierras bajas de Santa Fe -areas con potreros y cultivos, no en un area boscosa.<\/p>\n<p><strong>Acceso a Sendero<\/strong>: F\u00e1cil si tienes un 4 \u00d7 4. Dif\u00edcil si no.<\/p>\n<p><strong>Distancia:<\/strong> 500 m desde el comienzo del sendero hasta la piscina de las cascadas<\/p>\n<p><strong>Nivel de Dificultad<\/strong> F\u00e1cil pero empinado<\/p>\n\n\t\t<\/div>\n\t<\/div>\n<\/div><\/div><\/div><\/div><div class=\"vc_row wpb_row vc_row-fluid\"><div class=\"wpb_column vc_column_container vc_col-sm-12\"><div class=\"vc_column-inner\"><div class=\"wpb_wrapper\"><h2 style=\"font-size: 24px;text-align: left;font-family:Open Sans;font-weight:700;font-style:normal\" class=\"vc_custom_heading vc_do_custom_heading\" >Cascadas con acceso en terreno privada<\/h2><\/div><\/div><\/div><\/div><div class=\"vc_row wpb_row vc_row-fluid\"><div class=\"wpb_column vc_column_container vc_col-sm-2\/5\"><div class=\"vc_column-inner\"><div class=\"wpb_wrapper\">\n\t<div  class=\"wpb_single_image wpb_content_element vc_align_ wpb_content_element\">\n\t\t\n\t\t<figure class=\"wpb_wrapper vc_figure\">\n\t\t\t<div class=\"vc_single_image-wrapper   vc_box_border_grey\"><img loading=\"lazy\" decoding=\"async\" width=\"1140\" height=\"1133\" src=\"https:\/\/santafepanama.org\/wp-content\/uploads\/2019\/06\/ElSalto.jpg\" class=\"vc_single_image-img attachment-full\" alt=\"El Salto Community Falls, Santa Fe, Veraguas\" title=\"ElSalto\" \/><\/div>\n\t\t<\/figure>\n\t<\/div>\n<\/div><\/div><\/div><div class=\"wpb_column vc_column_container vc_col-sm-3\/5\"><div class=\"vc_column-inner\"><div class=\"wpb_wrapper\"><div class=\"vcex-module vcex-heading vcex-heading-plain\"><span class=\"vcex-heading-inner clr\">El Salto<\/span><\/div>\n\t<div class=\"wpb_text_column wpb_content_element\" >\n\t\t<div class=\"wpb_wrapper\">\n\t\t\t<p>Serie de cascadas m\u00e1s peque\u00f1as en las tierras de cultivo de Santa Fe. Terreno privado ($ entrada)<\/p>\n<p><strong>Acceso a Sendero<\/strong>: Dif\u00edcil El comienzo del sendero se encuentra en una comunidad llamada El Salto, accesible solo a pie o a caballo la mayor\u00eda del a\u00f1o. Es una caminata de tres horas desde Santa Fe hasta El Salto, de ida.<\/p>\n<p><strong>Distancia:<\/strong> Corto una vez que llegue a El Salto, pero la caminata a El Salto es de aproximadamente 7 km de ida y vuelta.<\/p>\n<p><strong>\u00bfSe recomienda una gu\u00eda?<\/strong> S\u00ed. Como las cataratas se encuentran en tierras privadas, se proporciona una gu\u00eda local con entrada<\/p>\n<p>&nbsp;<\/p>\n\n\t\t<\/div>\n\t<\/div>\n<\/div><\/div><\/div><\/div><div class=\"vc_row wpb_row vc_row-fluid\"><div class=\"wpb_column vc_column_container vc_col-sm-2\/5\"><div class=\"vc_column-inner\"><div class=\"wpb_wrapper\">\n\t<div  class=\"wpb_single_image wpb_content_element vc_align_ wpb_content_element\">\n\t\t\n\t\t<figure class=\"wpb_wrapper vc_figure\">\n\t\t\t<div class=\"vc_single_image-wrapper   vc_box_border_grey\"><img loading=\"lazy\" decoding=\"async\" width=\"1114\" height=\"1105\" src=\"https:\/\/santafepanama.org\/wp-content\/uploads\/2019\/06\/Golondrinas-1.jpg\" class=\"vc_single_image-img attachment-full\" alt=\"\" title=\"Golondrinas\" \/><\/div>\n\t\t<\/figure>\n\t<\/div>\n<\/div><\/div><\/div><div class=\"wpb_column vc_column_container vc_col-sm-3\/5\"><div class=\"vc_column-inner\"><div class=\"wpb_wrapper\"><div class=\"vcex-module vcex-heading vcex-heading-plain\"><span class=\"vcex-heading-inner clr\">Las Golondrinas<\/span><\/div>\n\t<div class=\"wpb_text_column wpb_content_element\" >\n\t\t<div class=\"wpb_wrapper\">\n\t\t\t<p>Hermosa cascada grande, ubicada en una granja ind\u00edgena. Paisaje agr\u00edcola y forestal. Entrada ($).<\/p>\n<p><strong>Acceso a Sendero<\/strong>: F\u00e1cil. El comienzo del sendero se encuentra en la carretera pavimentada Santa Fe-Calovebora. Parque donde dice &quot;Asociaci\u00f3n Las Golondrinas&quot;. Siga el sendero durante 10 minutos hasta llegar a un peque\u00f1o grupo de casas. Pagar tarifa all\u00ed.<\/p>\n<p>Algunos acceden a las cataratas al ascender el r\u00edo sin pagar una tarifa, en lugar de estacionar y hacer que el hijo del due\u00f1o del estacionamiento gu\u00ede r\u00edo arriba. Tenga en cuenta que la tierra a cada lado del r\u00edo es propiedad privada de asociaciones de agricultores ind\u00edgenas, y aunque el r\u00edo en s\u00ed es un \u00e1rea de acceso p\u00fablico, la tierra no lo es, por lo que no ganar\u00e1 amigos.<\/p>\n<p><strong>Tiempo de caminata<\/strong>: 45 minutos por trayecto<\/p>\n<p><strong>Distancia:<\/strong> 2 km ida y vuelta<\/p>\n<p><strong>Nivel de Dificultad<\/strong> Moderar. Esta es una caminata relativamente corta, pero es empinada.<\/p>\n\n\t\t<\/div>\n\t<\/div>\n<\/div><\/div><\/div><\/div><div class=\"vc_row wpb_row vc_row-fluid\"><div class=\"wpb_column vc_column_container vc_col-sm-12\"><div class=\"vc_column-inner\"><div class=\"wpb_wrapper\"><div class=\"wpb_gmaps_widget wpb_content_element\"><h2 class=\"wpb_heading wpb_map_heading\">Santa Fe, Veraguas Hikes<\/h2><div class=\"wpb_wrapper\"><div class=\"wpb_map_wraper\"><iframe loading=\"lazy\" src=\"https:\/\/www.google.com\/maps\/d\/u\/0\/embed?mid=16liAAycUIQzwVwmUkJT_Hk-heL8HJT4&ehbc=2E312F\" width=\"640\" height=\"480\"><\/iframe><\/div><\/div><\/div><\/div><\/div><\/div><\/div>\n<\/div>","protected":false},"excerpt":{"rendered":"Santa Fe WaterfallsAccessible, Public Waterfalls in Santa Fe, Veraguas Alto de Piedra Falls Set of three smaller falls set in rainforest in Santa Fe National Park near the community of Alto de Piedra.\u00a0 The falls range from 10-15m high.\u00a0 A&hellip;","protected":false},"author":1,"featured_media":0,"parent":0,"menu_order":0,"comment_status":"closed","ping_status":"closed","template":"","meta":{"footnotes":""},"class_list":["post-211","page","type-page","status-publish","hentry","entry","no-media"],"_links":{"self":[{"href":"https:\/\/santafepanama.org\/es\/wp-json\/wp\/v2\/pages\/211","targetHints":{"allow":["GET"]}}],"collection":[{"href":"https:\/\/santafepanama.org\/es\/wp-json\/wp\/v2\/pages"}],"about":[{"href":"https:\/\/santafepanama.org\/es\/wp-json\/wp\/v2\/types\/page"}],"author":[{"embeddable":true,"href":"https:\/\/santafepanama.org\/es\/wp-json\/wp\/v2\/users\/1"}],"replies":[{"embeddable":true,"href":"https:\/\/santafepanama.org\/es\/wp-json\/wp\/v2\/comments?post=211"}],"version-history":[{"count":1,"href":"https:\/\/santafepanama.org\/es\/wp-json\/wp\/v2\/pages\/211\/revisions"}],"predecessor-version":[{"id":650,"href":"https:\/\/santafepanama.org\/es\/wp-json\/wp\/v2\/pages\/211\/revisions\/650"}],"wp:attachment":[{"href":"https:\/\/santafepanama.org\/es\/wp-json\/wp\/v2\/media?parent=211"}],"curies":[{"name":"wp","href":"https:\/\/api.w.org\/{rel}","templated":true}]}}