{"id":290,"date":"2019-07-14T14:12:35","date_gmt":"2019-07-14T19:12:35","guid":{"rendered":"http:\/\/santafepanama.org\/?page_id=290"},"modified":"2024-10-17T14:34:41","modified_gmt":"2024-10-17T19:34:41","slug":"hotels","status":"publish","type":"page","link":"https:\/\/santafepanama.org\/es\/hotels\/","title":{"rendered":"Hotels"},"content":{"rendered":"<div class=\"wpb-content-wrapper\"><div class=\"vc_row wpb_row vc_row-fluid\"><div class=\"wpb_column vc_column_container vc_col-sm-12\"><div class=\"vc_column-inner\"><div class=\"wpb_wrapper\"><h1 style=\"text-align: center;font-family:Open Sans;font-weight:600;font-style:normal\" class=\"vc_custom_heading vc_do_custom_heading\" >Santa Fe Hoteles y Alojamiento<\/h1><div class=\"vc_empty_space\"   style=\"height: 32px\"><span class=\"vc_empty_space_inner\"><\/span><\/div>\n\t<div style=\"color:#000000;font-weight:700;text-align:center;\" class=\"wpb_text_column has-custom-color wpb_content_element\" >\n\t\t<div class=\"wpb_wrapper\">\n\t\t\t<p>Explore our lodging options. Great options for staying locally, each small, most locally owned, and each with their own flavor.<\/p>\n\n\t\t<\/div>\n\t<\/div>\n<\/div><\/div><\/div><\/div><div class=\"vc_row wpb_row vc_row-fluid vc_row-o-content-top vc_row-flex\"><div class=\"wpb_column vc_column_container vc_col-sm-3\"><div class=\"vc_column-inner\"><div class=\"wpb_wrapper\">\n\t<div  class=\"wpb_single_image wpb_content_element vc_align_center wpb_content_element\">\n\t\t<h2 class=\"wpb_heading wpb_singleimage_heading\">1. Hotel Santa Fe<\/h2>\n\t\t<figure class=\"wpb_wrapper vc_figure\">\n\t\t\t<a href=\"https:\/\/hotelsantafepanama.weebly.com\" target=\"_self\" class=\"vc_single_image-wrapper   vc_box_border_grey\"><img loading=\"lazy\" decoding=\"async\" width=\"734\" height=\"734\" src=\"https:\/\/santafepanama.org\/wp-content\/uploads\/2020\/07\/hotelsantafe-e1595698480399.jpg\" class=\"vc_single_image-img attachment-full\" alt=\"Hotel Santa Fe\" title=\"hotelsantafe\" \/><\/a>\n\t\t<span class=\"wpb_single_image_caption\">Contact: 954-0941<\/span><\/figure>\n\t<\/div>\n\n\t<div style=\"color:#000000;font-weight:500;\" class=\"wpb_text_column has-custom-color wpb_content_element\" >\n\t\t<div class=\"wpb_wrapper\">\n\t\t\t<p>Budget Hotel at the Entrance to Town. Amenities include: Restaurant, Bar, Social Area, BBQ, Meeting &amp; Events Room. 16 Rooms.<\/p>\n<p>&nbsp;<\/p>\n\n\t\t<\/div>\n\t<\/div>\n<\/div><\/div><\/div><div class=\"wpb_column vc_column_container vc_col-sm-3\"><div class=\"vc_column-inner\"><div class=\"wpb_wrapper\">\n\t<div class=\"wpb_text_column wpb_content_element\" >\n\t\t<div class=\"wpb_wrapper\">\n\t\t\t<h2>2. Tierra Libre<\/h2>\n\n\t\t<\/div>\n\t<\/div>\n\n\t<div  class=\"wpb_single_image wpb_content_element vc_align_ wpb_content_element wpex-lightbox\">\n\t\t\n\t\t<figure class=\"wpb_wrapper vc_figure\">\n\t\t\t<a href=\"https:\/\/santafepanama.org\/wp-content\/uploads\/2019\/07\/MapEnglishLodgingSantaFe.jpg\" target=\"_self\" class=\"vc_single_image-wrapper   vc_box_border_grey\"><img loading=\"lazy\" decoding=\"async\" width=\"150\" height=\"150\" src=\"https:\/\/santafepanama.org\/wp-content\/uploads\/2019\/07\/MapEnglishLodgingSantaFe-150x150.jpg\" class=\"vc_single_image-img attachment-thumbnail\" alt=\"\" title=\"MapEnglishLodgingSantaFe\" \/><\/a>\n\t\t<span class=\"wpb_single_image_caption\">Mapa de Alojamiento en Santa Fe<\/span><\/figure>\n\t<\/div>\n\n\t<div class=\"wpb_text_column wpb_content_element\" >\n\t\t<div class=\"wpb_wrapper\">\n\t\t\t<p>Alojamiento b\u00e1sico, c\u00e9ntrico. Incluye cocina con \u00e1rea social.<\/p>\n\n\t\t<\/div>\n\t<\/div>\n\n\t<div class=\"wpb_text_column wpb_content_element\" >\n\t\t<div class=\"wpb_wrapper\">\n\t\t\t<p>Contact: 6655-5905<\/p>\n\n\t\t<\/div>\n\t<\/div>\n<\/div><\/div><\/div><div class=\"wpb_column vc_column_container vc_col-sm-3\"><div class=\"vc_column-inner\"><div class=\"wpb_wrapper\">\n\t<div  class=\"wpb_single_image wpb_content_element vc_align_ wpb_content_element\">\n\t\t<h2 class=\"wpb_heading wpb_singleimage_heading\">3. La Qhia Eco Retreat<\/h2>\n\t\t<figure class=\"wpb_wrapper vc_figure\">\n\t\t\t<a href=\"https:\/\/laqhia-ecoretreat.com\" target=\"_self\" class=\"vc_single_image-wrapper   vc_box_border_grey\"><img loading=\"lazy\" decoding=\"async\" width=\"750\" height=\"750\" src=\"https:\/\/santafepanama.org\/wp-content\/uploads\/2020\/07\/LaQhia-e1595698011434.jpeg\" class=\"vc_single_image-img attachment-full\" alt=\"\" title=\"LaQhia\" \/><\/a>\n\t\t<span class=\"wpb_single_image_caption\">Contact: 6603-3358<\/span><\/figure>\n\t<\/div>\n\n\t<div class=\"wpb_text_column wpb_content_element\" >\n\t\t<div class=\"wpb_wrapper\">\n\t\t\t<p>Hostel with dormitory, shared and private rooms (2 with kitchenettes).\u00a0 No Kitchen Area. Amenities include: Restaurant, Bar, WiFi, Yoga, Massage, Tour Desk, and Bike Rental. 14 Rooms.<\/p>\n\n\t\t<\/div>\n\t<\/div>\n<\/div><\/div><\/div><div class=\"wpb_column vc_column_container vc_col-sm-3\"><div class=\"vc_column-inner\"><div class=\"wpb_wrapper\">\n\t<div  class=\"wpb_single_image wpb_content_element vc_align_ wpb_content_element\">\n\t\t<h2 class=\"wpb_heading wpb_singleimage_heading\">4. Anachoreo<\/h2>\n\t\t<figure class=\"wpb_wrapper vc_figure\">\n\t\t\t<a href=\"https:\/\/anachoreo.com\" target=\"_self\" class=\"vc_single_image-wrapper   vc_box_border_grey\"><img loading=\"lazy\" decoding=\"async\" width=\"801\" height=\"801\" src=\"https:\/\/santafepanama.org\/wp-content\/uploads\/2020\/07\/anachoreo-e1595698906903.jpg\" class=\"vc_single_image-img attachment-full\" alt=\"Hotel Anachoreo, Santa Fe, Veraguas, Panama\" title=\"anachoreo\" \/><\/a>\n\t\t<span class=\"wpb_single_image_caption\">Contact: 6911-4848<\/span><\/figure>\n\t<\/div>\n\n\t<div style=\"color:#000000;font-weight:500;\" class=\"wpb_text_column has-custom-color wpb_content_element\" >\n\t\t<div class=\"wpb_wrapper\">\n\t\t\t<p>Peque\u00f1o hotel con vistas excelentes y  restaurante conocido por los excelentes sabores. Desayuno incluido. Bar. 6 habitaciones<\/p>\n\n\t\t<\/div>\n\t<\/div>\n<\/div><\/div><\/div><\/div><div class=\"vc_row wpb_row vc_row-fluid vc_custom_1595710143231 vc_row-o-content-top vc_row-flex wpex-vc_row-has-fill wpex-vc-reset-negative-margin\"><div class=\"wpb_column vc_column_container vc_col-sm-3\"><div class=\"vc_column-inner\"><div class=\"wpb_wrapper\">\n\t<div  class=\"wpb_single_image wpb_content_element vc_align_ wpb_content_element\">\n\t\t<h2 class=\"wpb_heading wpb_singleimage_heading\">5. Rainforest Yasmin<\/h2>\n\t\t<figure class=\"wpb_wrapper vc_figure\">\n\t\t\t<a href=\"https:\/\/www.facebook.com\/rainforestyasminhotel\" target=\"_self\" class=\"vc_single_image-wrapper   vc_box_border_grey\"><img loading=\"lazy\" decoding=\"async\" width=\"456\" height=\"425\" src=\"https:\/\/santafepanama.org\/wp-content\/uploads\/2020\/07\/RainforestYasSquare.jpg\" class=\"vc_single_image-img attachment-full\" alt=\"\" title=\"RainforestYasSquare\" \/><\/a>\n\t\t<span class=\"wpb_single_image_caption\">Contacto: 6738-3010<\/span><\/figure>\n\t<\/div>\n\n\t<div class=\"wpb_text_column wpb_content_element\" >\n\t\t<div class=\"wpb_wrapper\">\n\t\t\t<p>Hostal con caba\u00f1as econ\u00f3micas y \u00e1rea de piscina. Servicios incluyen: Wi-Fi, piscina, \u00e1rea social, Tours.<\/p>\n\n\t\t<\/div>\n\t<\/div>\n<\/div><\/div><\/div><div class=\"wpb_column vc_column_container vc_col-sm-3\"><div class=\"vc_column-inner\"><div class=\"wpb_wrapper\">\n\t<div  class=\"wpb_single_image wpb_content_element vc_align_ wpb_content_element\">\n\t\t<h2 class=\"wpb_heading wpb_singleimage_heading\">6. Coffee Mountain Inn<\/h2>\n\t\t<figure class=\"wpb_wrapper vc_figure\">\n\t\t\t<a href=\"https:\/\/coffeemountaininn.com\" target=\"_self\" class=\"vc_single_image-wrapper   vc_box_border_grey\"><img loading=\"lazy\" decoding=\"async\" width=\"780\" height=\"780\" src=\"https:\/\/santafepanama.org\/wp-content\/uploads\/2020\/07\/breakfast-e1595699583294.jpg\" class=\"vc_single_image-img attachment-full\" alt=\"Coffee Mountain Inn, Santa Fe, Veragaus, Panama\" title=\"breakfast\" \/><\/a>\n\t\t<span class=\"wpb_single_image_caption\">Contact: 6988-0921<\/span><\/figure>\n\t<\/div>\n\n\t<div class=\"wpb_text_column wpb_content_element\" >\n\t\t<div class=\"wpb_wrapper\">\n\t\t\t<p>Peque\u00f1a hotel familiar con enfoque en expediciones a parques nacionales y producci\u00f3n de caf\u00e9<\/p>\n\n\t\t<\/div>\n\t<\/div>\n<\/div><\/div><\/div><div class=\"wpb_column vc_column_container vc_col-sm-3\"><div class=\"vc_column-inner\"><div class=\"wpb_wrapper\">\n\t<div  class=\"wpb_single_image wpb_content_element vc_align_ wpb_content_element\">\n\t\t<h2 class=\"wpb_heading wpb_singleimage_heading\">7. Hostal Bulaba<\/h2>\n\t\t<figure class=\"wpb_wrapper vc_figure\">\n\t\t\t<div class=\"vc_single_image-wrapper   vc_box_border_grey\"><img loading=\"lazy\" decoding=\"async\" width=\"494\" height=\"468\" src=\"https:\/\/santafepanama.org\/wp-content\/uploads\/2020\/07\/Bulaba.jpg\" class=\"vc_single_image-img attachment-full\" alt=\"Hostal Bulaba, Santa Fe, Veraguas, Panama\" title=\"Bulaba\" \/><\/div>\n\t\t<span class=\"wpb_single_image_caption\">Reservas: 6712-2443<\/span><\/figure>\n\t<\/div>\n\n\t<div class=\"wpb_text_column wpb_content_element\" >\n\t\t<div class=\"wpb_wrapper\">\n\t\t\t<p>Hotel econ\u00f3mico ubicado en el centro. Las comodidades incluyen: cocina, wifi, \u00e1rea social, televisi\u00f3n por cable<\/p>\n\n\t\t<\/div>\n\t<\/div>\n<\/div><\/div><\/div><div class=\"wpb_column vc_column_container vc_col-sm-3\"><div class=\"vc_column-inner\"><div class=\"wpb_wrapper\">\n\t<div class=\"wpb_text_column wpb_content_element\" >\n\t\t<div class=\"wpb_wrapper\">\n\t\t\t<h2>8. Caba\u00f1as Santa Fe<\/h2>\n\n\t\t<\/div>\n\t<\/div>\n\n\t<div  class=\"wpb_single_image wpb_content_element vc_align_ wpb_content_element wpex-lightbox\">\n\t\t\n\t\t<figure class=\"wpb_wrapper vc_figure\">\n\t\t\t<a href=\"https:\/\/santafepanama.org\/wp-content\/uploads\/2019\/07\/MapEnglishLodgingSantaFe.jpg\" target=\"_self\" class=\"vc_single_image-wrapper   vc_box_border_grey\"><img loading=\"lazy\" decoding=\"async\" width=\"150\" height=\"150\" src=\"https:\/\/santafepanama.org\/wp-content\/uploads\/2019\/07\/MapEnglishLodgingSantaFe-150x150.jpg\" class=\"vc_single_image-img attachment-thumbnail\" alt=\"\" title=\"MapEnglishLodgingSantaFe\" \/><\/a>\n\t\t<span class=\"wpb_single_image_caption\">Mapa de Alojamiento en Santa Fe<\/span><\/figure>\n\t<\/div>\n\n\t<div class=\"wpb_text_column wpb_content_element\" >\n\t\t<div class=\"wpb_wrapper\">\n\t\t\t<p>Alojamiento b\u00e1sico adjunto a Local Bar &amp; Eatery<\/p>\n\n\t\t<\/div>\n\t<\/div>\n\n\t<div class=\"wpb_text_column wpb_content_element\" >\n\t\t<div class=\"wpb_wrapper\">\n\t\t\t<p>Contacto: 6902-0112<\/p>\n\n\t\t<\/div>\n\t<\/div>\n<\/div><\/div><\/div><\/div><div class=\"vc_row wpb_row vc_row-fluid vc_row-o-content-top vc_row-flex\"><div class=\"wpb_column vc_column_container vc_col-sm-3\"><div class=\"vc_column-inner\"><div class=\"wpb_wrapper\"><div class=\"vc_empty_space\"   style=\"height: 32px\"><span class=\"vc_empty_space_inner\"><\/span><\/div><h2 style=\"text-align: left;font-family:Abril Fatface;font-weight:400;font-style:normal\" class=\"vc_custom_heading vc_do_custom_heading\" >Alto de Piedra, Santa Fe Alojamiento<\/h2>\n\t<div  class=\"wpb_single_image wpb_content_element vc_align_ wpb_content_element wpex-lightbox\">\n\t\t\n\t\t<figure class=\"wpb_wrapper vc_figure\">\n\t\t\t<a href=\"https:\/\/santafepanama.org\/wp-content\/uploads\/2019\/07\/MapEnglishAltodePiedraLodging.jpg\" target=\"_self\" class=\"vc_single_image-wrapper   vc_box_border_grey\"><img loading=\"lazy\" decoding=\"async\" width=\"895\" height=\"362\" src=\"https:\/\/santafepanama.org\/wp-content\/uploads\/2019\/07\/MapEnglishAltodePiedraLodging.jpg\" class=\"vc_single_image-img attachment-full\" alt=\"\" title=\"MapEnglishAltodePiedraLodging\" \/><\/a>\n\t\t<span class=\"wpb_single_image_caption\">Alojamiento Alto de Piedra<\/span><\/figure>\n\t<\/div>\n<\/div><\/div><\/div><div class=\"wpb_column vc_column_container vc_col-sm-3\"><div class=\"vc_column-inner\"><div class=\"wpb_wrapper\">\n\t<div  class=\"wpb_single_image wpb_content_element vc_align_ wpb_content_element\">\n\t\t<h2 class=\"wpb_heading wpb_singleimage_heading\">10. Cabanas San Agustin<\/h2>\n\t\t<figure class=\"wpb_wrapper vc_figure\">\n\t\t\t<a href=\"https:\/\/www.facebook.com\/cabanassanagustin\" target=\"_self\" class=\"vc_single_image-wrapper   vc_box_border_grey\"><img loading=\"lazy\" decoding=\"async\" width=\"720\" height=\"720\" src=\"https:\/\/santafepanama.org\/wp-content\/uploads\/2020\/07\/cabanassanagustin-e1595705969152.jpg\" class=\"vc_single_image-img attachment-full\" alt=\"Cabanas San Augustin in Alto de Piedra, Santa Fe, Veraguas, Panama\" title=\"cabanassanagustin\" \/><\/a>\n\t\t<span class=\"wpb_single_image_caption\">Reservas: 6925-6075<\/span><\/figure>\n\t<\/div>\n\n\t<div class=\"wpb_text_column wpb_content_element\" >\n\t\t<div class=\"wpb_wrapper\">\n\t\t\t<p>Caba\u00f1as ideales para alquileres familiares. Magn\u00edficas vistas. Las caba\u00f1as incluyen cocina, \u00e1rea social, televisi\u00f3n por cable y piscina.<\/p>\n\n\t\t<\/div>\n\t<\/div>\n<\/div><\/div><\/div><div class=\"wpb_column vc_column_container vc_col-sm-3\"><div class=\"vc_column-inner\"><div class=\"wpb_wrapper\">\n\t<div  class=\"wpb_single_image wpb_content_element vc_align_ wpb_content_element\">\n\t\t<h2 class=\"wpb_heading wpb_singleimage_heading\">11. Cabanas Alto de Piedra<\/h2>\n\t\t<figure class=\"wpb_wrapper vc_figure\">\n\t\t\t<div class=\"vc_single_image-wrapper   vc_box_border_grey\"><img loading=\"lazy\" decoding=\"async\" width=\"681\" height=\"650\" src=\"https:\/\/santafepanama.org\/wp-content\/uploads\/2020\/07\/CabanasAltodePiedra3.jpg\" class=\"vc_single_image-img attachment-full\" alt=\"Pond at Cabanas Alto de Piedra, Alto de Piedra, Santa Fe, Veragaus Panama\" title=\"CabanasAltodePiedra3\" \/><\/div>\n\t\t<span class=\"wpb_single_image_caption\">Contacto: 6556-7709<\/span><\/figure>\n\t<\/div>\n\n\t<div class=\"wpb_text_column wpb_content_element\" >\n\t\t<div class=\"wpb_wrapper\">\n\t\t\t<p>Caba\u00f1as b\u00e1sicas con hermosas vistas, restaurante y bar. Los terrenos incluyen un estanque. Caba\u00f1as: 8<\/p>\n\n\t\t<\/div>\n\t<\/div>\n<\/div><\/div><\/div><\/div><div class=\"vc_row wpb_row vc_row-fluid vc_custom_1595710191132 vc_row-o-content-top vc_row-flex wpex-vc_row-has-fill wpex-vc-reset-negative-margin\"><div class=\"wpb_column vc_column_container vc_col-sm-3\"><div class=\"vc_column-inner\"><div class=\"wpb_wrapper\">\n\t<div  class=\"wpb_single_image wpb_content_element vc_align_ wpb_content_element\">\n\t\t<h2 class=\"wpb_heading wpb_singleimage_heading\">12. Cabana Mirador<\/h2>\n\t\t<figure class=\"wpb_wrapper vc_figure\">\n\t\t\t<div class=\"vc_single_image-wrapper   vc_box_border_grey\"><img loading=\"lazy\" decoding=\"async\" width=\"574\" height=\"541\" src=\"https:\/\/santafepanama.org\/wp-content\/uploads\/2020\/07\/CabanaMirador.jpg\" class=\"vc_single_image-img attachment-full\" alt=\"Cabana Mirador en Santa Fe, Veraguas, Panama\" title=\"CabanaMirador\" \/><\/div>\n\t\t<span class=\"wpb_single_image_caption\">Reservas: 6615-1978<\/span><\/figure>\n\t<\/div>\n\n\t<div class=\"wpb_text_column wpb_content_element\" >\n\t\t<div class=\"wpb_wrapper\">\n\t\t\t<p>Hermosa casa con habitaciones. Se alquila individualmente o toda la casa. Las comodidades incluyen: barbacoa, hamacas, cocina.<\/p>\n\n\t\t<\/div>\n\t<\/div>\n<\/div><\/div><\/div><div class=\"wpb_column vc_column_container vc_col-sm-3\"><div class=\"vc_column-inner\"><div class=\"wpb_wrapper\">\n\t<div  class=\"wpb_single_image wpb_content_element vc_align_ wpb_content_element\">\n\t\t<h2 class=\"wpb_heading wpb_singleimage_heading\">13. Caba\u00f1a Chorro de Alto de Piedra<\/h2>\n\t\t<figure class=\"wpb_wrapper vc_figure\">\n\t\t\t<div class=\"vc_single_image-wrapper   vc_box_border_grey\"><img loading=\"lazy\" decoding=\"async\" width=\"712\" height=\"633\" src=\"https:\/\/santafepanama.org\/wp-content\/uploads\/2020\/07\/cabanasaltodepiedra-e1595703557935.jpg\" class=\"vc_single_image-img attachment-full\" alt=\"Cabana Alto de Piedra\" title=\"cabanasaltodepiedra\" \/><\/div>\n\t\t<span class=\"wpb_single_image_caption\">Reservas: 6620-3695<\/span><\/figure>\n\t<\/div>\n\n\t<div class=\"wpb_text_column wpb_content_element\" >\n\t\t<div class=\"wpb_wrapper\">\n\t\t\t<p>Hermosa casa con habitaciones al lado del Sendero Alto de Piedra Falls. Las comodidades incluyen: barbacoa, hamacas, cocina.<\/p>\n\n\t\t<\/div>\n\t<\/div>\n<\/div><\/div><\/div><div class=\"wpb_column vc_column_container vc_col-sm-3\"><div class=\"vc_column-inner\"><div class=\"wpb_wrapper\"><\/div><\/div><\/div><div class=\"wpb_column vc_column_container vc_col-sm-3\"><div class=\"vc_column-inner\"><div class=\"wpb_wrapper\"><\/div><\/div><\/div><\/div>\n<\/div>","protected":false},"excerpt":{"rendered":"Santa Fe Accomodations Explore our lodging options. Great options for staying locally, each small, most locally owned, and each with their own flavor. 1. Hotel Santa Fe Contact: 954-0941 Budget Hotel at the Entrance to Town. Amenities include: Restaurant, Bar,&hellip;","protected":false},"author":1,"featured_media":0,"parent":0,"menu_order":0,"comment_status":"closed","ping_status":"closed","template":"templates\/no-sidebar.php","meta":{"footnotes":""},"class_list":["post-290","page","type-page","status-publish","hentry","entry","no-media"],"_links":{"self":[{"href":"https:\/\/santafepanama.org\/es\/wp-json\/wp\/v2\/pages\/290","targetHints":{"allow":["GET"]}}],"collection":[{"href":"https:\/\/santafepanama.org\/es\/wp-json\/wp\/v2\/pages"}],"about":[{"href":"https:\/\/santafepanama.org\/es\/wp-json\/wp\/v2\/types\/page"}],"author":[{"embeddable":true,"href":"https:\/\/santafepanama.org\/es\/wp-json\/wp\/v2\/users\/1"}],"replies":[{"embeddable":true,"href":"https:\/\/santafepanama.org\/es\/wp-json\/wp\/v2\/comments?post=290"}],"version-history":[{"count":4,"href":"https:\/\/santafepanama.org\/es\/wp-json\/wp\/v2\/pages\/290\/revisions"}],"predecessor-version":[{"id":663,"href":"https:\/\/santafepanama.org\/es\/wp-json\/wp\/v2\/pages\/290\/revisions\/663"}],"wp:attachment":[{"href":"https:\/\/santafepanama.org\/es\/wp-json\/wp\/v2\/media?parent=290"}],"curies":[{"name":"wp","href":"https:\/\/api.w.org\/{rel}","templated":true}]}}